{"id":50,"date":"2014-07-21T15:26:16","date_gmt":"2014-07-21T14:26:16","guid":{"rendered":"https:\/\/cpmn.info\/boutique\/?page_id=50"},"modified":"2025-12-09T11:53:30","modified_gmt":"2025-12-09T10:53:30","slug":"accueil","status":"publish","type":"page","link":"https:\/\/www.cpmn.info\/boutique\/","title":{"rendered":"Accueil"},"content":{"rendered":"<div class=\"wpb-content-wrapper\"><p>[vc_row full_width=\u00a0\u00bbstretch_row_content\u00a0\u00bb content_placement=\u00a0\u00bbbottom\u00a0\u00bb video_bg=\u00a0\u00bbyes\u00a0\u00bb video_bg_url=\u00a0\u00bbhttps:\/\/www.youtube.com\/watch?v=QU61AvWAPv4&Prime; css=\u00a0\u00bb.vc_custom_1701002415133{margin-top: 0px !important;padding-top: 15vh !important;padding-bottom: 15vh !important;background-color: #ffffff !important;}\u00a0\u00bb][vc_column width=\u00a0\u00bb2\/3&Prime;][\/vc_column][vc_column width=\u00a0\u00bb1\/3&Prime; css=\u00a0\u00bb.vc_custom_1700980347619{margin-top: 0px !important;margin-bottom: 0px !important;border-top-width: 0px !important;border-bottom-width: 0px !important;padding-top: 150px !important;padding-bottom: 0px !important;}\u00a0\u00bb][vc_row_inner content_placement=\u00a0\u00bbbottom\u00a0\u00bb][vc_column_inner][\/vc_column_inner][vc_column_inner][vc_custom_heading text=\u00a0\u00bbADH\u00c9REZ \u00c0 LA CPMN\u00a0\u00bb font_container=\u00a0\u00bbtag:h2|text_align:center|color:%23ffffff\u00a0\u00bb google_fonts=\u00a0\u00bbfont_family:Averia%20Serif%20Libre%3A300%2C300italic%2Cregular%2Citalic%2C700%2C700italic|font_style:400%20regular%3A400%3Anormal\u00a0\u00bb css=\u00a0\u00bb.vc_custom_1700980555155{margin-top: 30px !important;margin-right: 50px !important;margin-bottom: 50px !important;margin-left: 50px !important;border-top-width: 0px !important;border-right-width: 0px !important;border-bottom-width: 0px !important;border-left-width: 0px !important;padding-top: 20px !important;padding-right: 10px !important;padding-bottom: 20px !important;padding-left: 10px !important;background-color: rgba(1,53,118,0.8) !important;*background-color: rgb(1,53,118) !important;border-radius: 5px !important;}\u00a0\u00bb link=\u00a0\u00bburl:https%3A%2F%2Fwww.cpmn.info%2Fboutique%2Fproduit%2Fadhesion-2024%2F||target:%20_blank|\u00a0\u00bb][\/vc_column_inner][vc_column_inner][\/vc_column_inner][\/vc_row_inner][\/vc_column][\/vc_row][vc_row][vc_column][vc_row_inner][vc_column_inner width=\u00a0\u00bb1\/3&Prime;][vc_icon icon_fontawesome=\u00a0\u00bbfa fa-credit-card\u00a0\u00bb color=\u00a0\u00bbcustom\u00a0\u00bb background_style=\u00a0\u00bbrounded-outline\u00a0\u00bb align=\u00a0\u00bbcenter\u00a0\u00bb custom_color=\u00a0\u00bb#b78c47&Prime;][vc_custom_heading text=\u00a0\u00bbPAIEMENT PAR CARTE BANCAIRE S\u00c9CURIS\u00c9\u00a0\u00bb font_container=\u00a0\u00bbtag:h2|font_size:20|text_align:center\u00a0\u00bb google_fonts=\u00a0\u00bbfont_family:Roboto%3A100%2C100italic%2C300%2C300italic%2Cregular%2Citalic%2C500%2C500italic%2C700%2C700italic%2C900%2C900italic|font_style:700%20bold%20regular%3A700%3Anormal\u00a0\u00bb][vc_custom_heading text=\u00a0\u00bbToutes les diff\u00e9rentes cartes bancaires sont accept\u00e9es pour des paiements s\u00e9curis\u00e9s. Nous acceptons aussi les ch\u00e8ques.\u00a0\u00bb font_container=\u00a0\u00bbtag:h2|font_size:14|text_align:center\u00a0\u00bb google_fonts=\u00a0\u00bbfont_family:Roboto%3A100%2C100italic%2C300%2C300italic%2Cregular%2Citalic%2C500%2C500italic%2C700%2C700italic%2C900%2C900italic|font_style:400%20regular%3A400%3Anormal\u00a0\u00bb][\/vc_column_inner][vc_column_inner width=\u00a0\u00bb1\/3&Prime;][vc_icon icon_fontawesome=\u00a0\u00bbfa fa-shopping-cart\u00a0\u00bb color=\u00a0\u00bbcustom\u00a0\u00bb background_style=\u00a0\u00bbrounded-outline\u00a0\u00bb align=\u00a0\u00bbcenter\u00a0\u00bb custom_color=\u00a0\u00bb#b78c47&Prime;][vc_custom_heading text=\u00a0\u00bbDES OUTILS DE COMMUNICATION EXCLUSIFS\u00a0\u00bb font_container=\u00a0\u00bbtag:h2|font_size:20|text_align:center\u00a0\u00bb google_fonts=\u00a0\u00bbfont_family:Roboto%3A100%2C100italic%2C300%2C300italic%2Cregular%2Citalic%2C500%2C500italic%2C700%2C700italic%2C900%2C900italic|font_style:700%20bold%20regular%3A700%3Anormal\u00a0\u00bb][vc_custom_heading text=\u00a0\u00bbRetrouvez dans la boutique de nombreux outils pour faciliter votre activit\u00e9 de m\u00e9diateur professionnel.\u00a0\u00bb font_container=\u00a0\u00bbtag:h2|font_size:14|text_align:center\u00a0\u00bb google_fonts=\u00a0\u00bbfont_family:Roboto%3A100%2C100italic%2C300%2C300italic%2Cregular%2Citalic%2C500%2C500italic%2C700%2C700italic%2C900%2C900italic|font_style:400%20regular%3A400%3Anormal\u00a0\u00bb][\/vc_column_inner][vc_column_inner width=\u00a0\u00bb1\/3&Prime;][vc_icon icon_fontawesome=\u00a0\u00bbfa fa-user\u00a0\u00bb color=\u00a0\u00bbcustom\u00a0\u00bb background_style=\u00a0\u00bbrounded-outline\u00a0\u00bb align=\u00a0\u00bbcenter\u00a0\u00bb custom_color=\u00a0\u00bb#b78c47&Prime;][vc_custom_heading text=\u00a0\u00bbPAS DE COMPTE N\u00c9CESSAIRE\u00a0\u00bb font_container=\u00a0\u00bbtag:h2|font_size:20|text_align:center\u00a0\u00bb google_fonts=\u00a0\u00bbfont_family:Roboto%3A100%2C100italic%2C300%2C300italic%2Cregular%2Citalic%2C500%2C500italic%2C700%2C700italic%2C900%2C900italic|font_style:700%20bold%20regular%3A700%3Anormal\u00a0\u00bb][vc_custom_heading text=\u00a0\u00bbVous passez commande de votre adh\u00e9sion ou d\u2019objets sans disposer de compte client sur le site.<\/p>\n<p>C\u2019est plus simple !\u00a0\u00bb font_container=\u00a0\u00bbtag:h2|font_size:14|text_align:center\u00a0\u00bb google_fonts=\u00a0\u00bbfont_family:Roboto%3A100%2C100italic%2C300%2C300italic%2Cregular%2Citalic%2C500%2C500italic%2C700%2C700italic%2C900%2C900italic|font_style:400%20regular%3A400%3Anormal\u00a0\u00bb][\/vc_column_inner][\/vc_row_inner][vc_row_inner][vc_column_inner][vc_separator css=\u00a0\u00bb.vc_custom_1492618545425{margin-top: 20px !important;margin-bottom: 40px !important;}\u00a0\u00bb]<div class=\"woocommerce columns-3 \"><ul class=\"products columns-3\">\n<li class=\"pmpro-has-access product type-product post-6675 status-publish first instock product_cat-atelier-regionaux product_tag-atelier-regional has-post-thumbnail virtual purchasable product-type-simple\">\n\t<a href=\"https:\/\/www.cpmn.info\/boutique\/produit\/ateliers-regionaux-en-martinique-visio\/\" class=\"woocommerce-LoopProduct-link woocommerce-loop-product__link\"><img loading=\"lazy\" decoding=\"async\" width=\"324\" height=\"323\" src=\"https:\/\/www.cpmn.info\/boutique\/wp-content\/uploads\/2024\/11\/PHOTO-ATELIERS-REGIONAUX-324x323.png\" class=\"attachment-woocommerce_thumbnail size-woocommerce_thumbnail\" alt=\"Atelier R\u00e9gional en Martinique &amp; visio\" srcset=\"https:\/\/www.cpmn.info\/boutique\/wp-content\/uploads\/2024\/11\/PHOTO-ATELIERS-REGIONAUX-324x323.png 324w, https:\/\/www.cpmn.info\/boutique\/wp-content\/uploads\/2024\/11\/PHOTO-ATELIERS-REGIONAUX-300x300.png 300w, https:\/\/www.cpmn.info\/boutique\/wp-content\/uploads\/2024\/11\/PHOTO-ATELIERS-REGIONAUX-150x150.png 150w, https:\/\/www.cpmn.info\/boutique\/wp-content\/uploads\/2024\/11\/PHOTO-ATELIERS-REGIONAUX-416x415.png 416w, https:\/\/www.cpmn.info\/boutique\/wp-content\/uploads\/2024\/11\/PHOTO-ATELIERS-REGIONAUX-100x100.png 100w, https:\/\/www.cpmn.info\/boutique\/wp-content\/uploads\/2024\/11\/PHOTO-ATELIERS-REGIONAUX.png 462w\" sizes=\"auto, (max-width: 324px) 100vw, 324px\" \/><h2 class=\"woocommerce-loop-product__title\">Atelier R\u00e9gional en Martinique &#038; visio<\/h2>\n\t<span class=\"price\"><span class=\"woocommerce-Price-amount amount\"><bdi>5.00&nbsp;<span class=\"woocommerce-Price-currencySymbol\">&euro;<\/span><\/bdi><\/span><\/span>\n<\/a><a href=\"\/boutique\/wp-json\/wp\/v2\/pages\/50?add-to-cart=6675\" aria-describedby=\"woocommerce_loop_add_to_cart_link_describedby_6675\" data-quantity=\"1\" class=\"button product_type_simple add_to_cart_button ajax_add_to_cart\" data-product_id=\"6675\" data-product_sku=\"\" aria-label=\"Ajouter au panier\u00a0: &ldquo;Atelier R\u00e9gional en Martinique &amp; visio&rdquo;\" rel=\"nofollow\" data-success_message=\"\u00ab\u00a0Atelier R\u00e9gional en Martinique &amp; visio\u00a0\u00bb a \u00e9t\u00e9 ajout\u00e9 \u00e0 votre panier\">Ajouter au panier<\/a>\t<span id=\"woocommerce_loop_add_to_cart_link_describedby_6675\" class=\"screen-reader-text\">\n\t\t\t<\/span>\n<\/li>\n<li class=\"pmpro-has-access product type-product post-6349 status-publish instock product_cat-adhesion-cpmn product_tag-adhesion product_tag-mediateur-professionnel-2026 has-post-thumbnail featured virtual purchasable product-type-simple\">\n\t<a href=\"https:\/\/www.cpmn.info\/boutique\/produit\/adhesion-2026\/\" class=\"woocommerce-LoopProduct-link woocommerce-loop-product__link\"><img loading=\"lazy\" decoding=\"async\" width=\"324\" height=\"323\" src=\"https:\/\/www.cpmn.info\/boutique\/wp-content\/uploads\/2023\/11\/Page-web-CPMN-2-324x323.png\" class=\"attachment-woocommerce_thumbnail size-woocommerce_thumbnail\" alt=\"Adh\u00e9sion 2026 \u00e0 la CPMN\" srcset=\"https:\/\/www.cpmn.info\/boutique\/wp-content\/uploads\/2023\/11\/Page-web-CPMN-2-324x323.png 324w, https:\/\/www.cpmn.info\/boutique\/wp-content\/uploads\/2023\/11\/Page-web-CPMN-2-100x100.png 100w, https:\/\/www.cpmn.info\/boutique\/wp-content\/uploads\/2023\/11\/Page-web-CPMN-2-416x415.png 416w, https:\/\/www.cpmn.info\/boutique\/wp-content\/uploads\/2023\/11\/Page-web-CPMN-2-300x300.png 300w, https:\/\/www.cpmn.info\/boutique\/wp-content\/uploads\/2023\/11\/Page-web-CPMN-2-1024x1021.png 1024w, https:\/\/www.cpmn.info\/boutique\/wp-content\/uploads\/2023\/11\/Page-web-CPMN-2-150x150.png 150w, https:\/\/www.cpmn.info\/boutique\/wp-content\/uploads\/2023\/11\/Page-web-CPMN-2-768x766.png 768w, https:\/\/www.cpmn.info\/boutique\/wp-content\/uploads\/2023\/11\/Page-web-CPMN-2.png 1041w\" sizes=\"auto, (max-width: 324px) 100vw, 324px\" \/><h2 class=\"woocommerce-loop-product__title\">Adh\u00e9sion 2026 \u00e0 la CPMN<\/h2>\n\t<span class=\"price\"><span class=\"woocommerce-Price-amount amount\"><bdi>400.00&nbsp;<span class=\"woocommerce-Price-currencySymbol\">&euro;<\/span><\/bdi><\/span><\/span>\n<\/a><a href=\"\/boutique\/wp-json\/wp\/v2\/pages\/50?add-to-cart=6349\" aria-describedby=\"woocommerce_loop_add_to_cart_link_describedby_6349\" data-quantity=\"1\" class=\"button product_type_simple add_to_cart_button ajax_add_to_cart\" data-product_id=\"6349\" data-product_sku=\"adhesion-2026\" aria-label=\"Ajouter au panier\u00a0: &ldquo;Adh\u00e9sion 2026 \u00e0 la CPMN&rdquo;\" rel=\"nofollow\" data-success_message=\"\u00ab\u00a0Adh\u00e9sion 2026 \u00e0 la CPMN\u00a0\u00bb a \u00e9t\u00e9 ajout\u00e9 \u00e0 votre panier\">Ajouter au panier<\/a>\t<span id=\"woocommerce_loop_add_to_cart_link_describedby_6349\" class=\"screen-reader-text\">\n\t\t\t<\/span>\n<\/li>\n<li class=\"pmpro-has-access product type-product post-6895 status-publish last instock product_cat-adhesion-cpmn has-post-thumbnail shipping-taxable product-type-simple\">\n\t<a href=\"https:\/\/www.cpmn.info\/boutique\/produit\/vous-etes-mediateur-professionnel-interne\/\" class=\"woocommerce-LoopProduct-link woocommerce-loop-product__link\"><img loading=\"lazy\" decoding=\"async\" width=\"324\" height=\"324\" src=\"https:\/\/www.cpmn.info\/boutique\/wp-content\/uploads\/2017\/01\/adhesion-cpmn-324x324.jpeg\" class=\"attachment-woocommerce_thumbnail size-woocommerce_thumbnail\" alt=\"Vous \u00eates M\u00e9diateur Professionnel Interne\" srcset=\"https:\/\/www.cpmn.info\/boutique\/wp-content\/uploads\/2017\/01\/adhesion-cpmn-324x324.jpeg 324w, https:\/\/www.cpmn.info\/boutique\/wp-content\/uploads\/2017\/01\/adhesion-cpmn-300x300.jpeg 300w, https:\/\/www.cpmn.info\/boutique\/wp-content\/uploads\/2017\/01\/adhesion-cpmn-150x150.jpeg 150w, https:\/\/www.cpmn.info\/boutique\/wp-content\/uploads\/2017\/01\/adhesion-cpmn-416x416.jpeg 416w, https:\/\/www.cpmn.info\/boutique\/wp-content\/uploads\/2017\/01\/adhesion-cpmn-100x100.jpeg 100w, https:\/\/www.cpmn.info\/boutique\/wp-content\/uploads\/2017\/01\/adhesion-cpmn.jpeg 600w\" sizes=\"auto, (max-width: 324px) 100vw, 324px\" \/><h2 class=\"woocommerce-loop-product__title\">Vous \u00eates M\u00e9diateur Professionnel Interne<\/h2>\n<\/a><a href=\"https:\/\/www.cpmn.info\/boutique\/produit\/vous-etes-mediateur-professionnel-interne\/\" aria-describedby=\"woocommerce_loop_add_to_cart_link_describedby_6895\" data-quantity=\"1\" class=\"button product_type_simple\" data-product_id=\"6895\" data-product_sku=\"\" aria-label=\"En savoir plus sur &ldquo;Vous \u00eates M\u00e9diateur Professionnel Interne&rdquo;\" rel=\"nofollow\" data-success_message=\"\">Lire la suite<\/a>\t<span id=\"woocommerce_loop_add_to_cart_link_describedby_6895\" class=\"screen-reader-text\">\n\t\t\t<\/span>\n<\/li>\n<li class=\"pmpro-has-access product type-product post-6707 status-publish first instock product_cat-demande_delais has-post-thumbnail shipping-taxable product-type-simple\">\n\t<a href=\"https:\/\/www.cpmn.info\/boutique\/produit\/facilite-de-paiement\/\" class=\"woocommerce-LoopProduct-link woocommerce-loop-product__link\"><img loading=\"lazy\" decoding=\"async\" width=\"324\" height=\"253\" src=\"https:\/\/www.cpmn.info\/boutique\/wp-content\/uploads\/2024\/11\/PRIMO-ADHERENTS-25-1-416x325.png\" class=\"attachment-woocommerce_thumbnail size-woocommerce_thumbnail\" alt=\"Facilit\u00e9s de paiement CAP&#039;M\" srcset=\"https:\/\/www.cpmn.info\/boutique\/wp-content\/uploads\/2024\/11\/PRIMO-ADHERENTS-25-1-416x325.png 416w, https:\/\/www.cpmn.info\/boutique\/wp-content\/uploads\/2024\/11\/PRIMO-ADHERENTS-25-1-300x234.png 300w, https:\/\/www.cpmn.info\/boutique\/wp-content\/uploads\/2024\/11\/PRIMO-ADHERENTS-25-1.png 749w\" sizes=\"auto, (max-width: 324px) 100vw, 324px\" \/><h2 class=\"woocommerce-loop-product__title\">Facilit\u00e9s de paiement CAP&rsquo;M<\/h2>\n<\/a><a href=\"https:\/\/www.cpmn.info\/boutique\/produit\/facilite-de-paiement\/\" aria-describedby=\"woocommerce_loop_add_to_cart_link_describedby_6707\" data-quantity=\"1\" class=\"button product_type_simple\" data-product_id=\"6707\" data-product_sku=\"\" aria-label=\"En savoir plus sur &ldquo;Facilit\u00e9s de paiement CAP&#039;M&rdquo;\" rel=\"nofollow\" data-success_message=\"\">Lire la suite<\/a>\t<span id=\"woocommerce_loop_add_to_cart_link_describedby_6707\" class=\"screen-reader-text\">\n\t\t\t<\/span>\n<\/li>\n<\/ul>\n<\/div>[\/vc_column_inner][\/vc_row_inner][\/vc_column][\/vc_row]<\/p>\n<\/div>","protected":false},"excerpt":{"rendered":"<p>[vc_row full_width=\u00a0\u00bbstretch_row_content\u00a0\u00bb content_placement=\u00a0\u00bbbottom\u00a0\u00bb video_bg=\u00a0\u00bbyes\u00a0\u00bb video_bg_url=\u00a0\u00bbhttps:\/\/www.youtube.com\/watch?v=QU61AvWAPv4&Prime; css=\u00a0\u00bb.vc_custom_1701002415133{margin-top: 0px !important;padding-top: 15vh !important;padding-bottom: 15vh !important;background-color: #ffffff !important;}\u00a0\u00bb][vc_column width=\u00a0\u00bb2\/3&Prime;][\/vc_column][vc_column width=\u00a0\u00bb1\/3&Prime; css=\u00a0\u00bb.vc_custom_1700980347619{margin-top: 0px !important;margin-bottom: 0px !important;border-top-width: 0px !important;border-bottom-width: 0px !important;padding-top: 150px !important;padding-bottom: 0px !important;}\u00a0\u00bb][vc_row_inner content_placement=\u00a0\u00bbbottom\u00a0\u00bb][vc_column_inner][\/vc_column_inner][vc_column_inner][vc_custom_heading text=\u00a0\u00bbADH\u00c9REZ \u00c0 LA CPMN\u00a0\u00bb font_container=\u00a0\u00bbtag:h2|text_align:center|color:%23ffffff\u00a0\u00bb google_fonts=\u00a0\u00bbfont_family:Averia%20Serif%20Libre%3A300%2C300italic%2Cregular%2Citalic%2C700%2C700italic|font_style:400%20regular%3A400%3Anormal\u00a0\u00bb css=\u00a0\u00bb.vc_custom_1700980555155{margin-top: 30px !important;margin-right: 50px !important;margin-bottom: 50px !important;margin-left: 50px !important;border-top-width: 0px !important;border-right-width: 0px !important;border-bottom-width: 0px !important;border-left-width: 0px !important;padding-top: 20px !important;padding-right: [&hellip;]<\/p>\n","protected":false},"author":1,"featured_media":0,"parent":0,"menu_order":0,"comment_status":"closed","ping_status":"closed","template":"template-fullwidth.php","meta":{"pmpro_default_level":"","footnotes":""},"class_list":["post-50","page","type-page","status-publish","hentry","pmpro-has-access"],"yoast_head":"<!-- This site is optimized with the Yoast SEO plugin v27.5 - https:\/\/yoast.com\/product\/yoast-seo-wordpress\/ -->\n<title>La boutique CPMN des m\u00e9diateurs professionnels<\/title>\n<meta name=\"description\" content=\"Retrouvez la boutique de la m\u00e9diation professionnelle, et adh\u00e9rez \u00e0 la CPMN en ligne.\" \/>\n<meta name=\"robots\" content=\"index, follow, max-snippet:-1, max-image-preview:large, max-video-preview:-1\" \/>\n<link rel=\"canonical\" href=\"https:\/\/www.cpmn.info\/boutique\/\" \/>\n<meta property=\"og:locale\" content=\"fr_FR\" \/>\n<meta property=\"og:type\" content=\"article\" \/>\n<meta property=\"og:title\" content=\"La boutique CPMN des m\u00e9diateurs professionnels\" \/>\n<meta property=\"og:description\" content=\"Retrouvez la boutique de la m\u00e9diation professionnelle, et adh\u00e9rez \u00e0 la CPMN en ligne.\" \/>\n<meta property=\"og:url\" content=\"https:\/\/www.cpmn.info\/boutique\/\" \/>\n<meta property=\"og:site_name\" content=\"La boutique CPMN\" \/>\n<meta property=\"article:modified_time\" content=\"2025-12-09T10:53:30+00:00\" \/>\n<meta name=\"twitter:label1\" content=\"Dur\u00e9e de lecture estim\u00e9e\" \/>\n\t<meta name=\"twitter:data1\" content=\"1 minute\" \/>\n<script type=\"application\/ld+json\" class=\"yoast-schema-graph\">{\"@context\":\"https:\\\/\\\/schema.org\",\"@graph\":[{\"@type\":\"WebPage\",\"@id\":\"https:\\\/\\\/www.cpmn.info\\\/boutique\\\/\",\"url\":\"https:\\\/\\\/www.cpmn.info\\\/boutique\\\/\",\"name\":\"La boutique CPMN des m\u00e9diateurs professionnels\",\"isPartOf\":{\"@id\":\"https:\\\/\\\/www.cpmn.info\\\/boutique\\\/#website\"},\"datePublished\":\"2014-07-21T14:26:16+00:00\",\"dateModified\":\"2025-12-09T10:53:30+00:00\",\"description\":\"Retrouvez la boutique de la m\u00e9diation professionnelle, et adh\u00e9rez \u00e0 la CPMN en ligne.\",\"breadcrumb\":{\"@id\":\"https:\\\/\\\/www.cpmn.info\\\/boutique\\\/#breadcrumb\"},\"inLanguage\":\"fr-FR\",\"potentialAction\":[{\"@type\":\"ReadAction\",\"target\":[\"https:\\\/\\\/www.cpmn.info\\\/boutique\\\/\"]}]},{\"@type\":\"BreadcrumbList\",\"@id\":\"https:\\\/\\\/www.cpmn.info\\\/boutique\\\/#breadcrumb\",\"itemListElement\":[{\"@type\":\"ListItem\",\"position\":1,\"name\":\"Accueil\",\"item\":\"https:\\\/\\\/www.cpmn.info\\\/boutique\\\/\"},{\"@type\":\"ListItem\",\"position\":2,\"name\":\"Accueil\"}]},{\"@type\":\"WebSite\",\"@id\":\"https:\\\/\\\/www.cpmn.info\\\/boutique\\\/#website\",\"url\":\"https:\\\/\\\/www.cpmn.info\\\/boutique\\\/\",\"name\":\"La boutique CPMN\",\"description\":\"La boutique des m\u00e9diateurs professionnels\",\"publisher\":{\"@id\":\"https:\\\/\\\/www.cpmn.info\\\/boutique\\\/#organization\"},\"potentialAction\":[{\"@type\":\"SearchAction\",\"target\":{\"@type\":\"EntryPoint\",\"urlTemplate\":\"https:\\\/\\\/www.cpmn.info\\\/boutique\\\/?s={search_term_string}\"},\"query-input\":{\"@type\":\"PropertyValueSpecification\",\"valueRequired\":true,\"valueName\":\"search_term_string\"}}],\"inLanguage\":\"fr-FR\"},{\"@type\":\"Organization\",\"@id\":\"https:\\\/\\\/www.cpmn.info\\\/boutique\\\/#organization\",\"name\":\"La boutique CPMN\",\"url\":\"https:\\\/\\\/www.cpmn.info\\\/boutique\\\/\",\"logo\":{\"@type\":\"ImageObject\",\"inLanguage\":\"fr-FR\",\"@id\":\"https:\\\/\\\/www.cpmn.info\\\/boutique\\\/#\\\/schema\\\/logo\\\/image\\\/\",\"url\":\"https:\\\/\\\/www.cpmn.info\\\/boutique\\\/wp-content\\\/uploads\\\/2023\\\/11\\\/cropped-cropped-Logo-site-CPMN-boutique.png\",\"contentUrl\":\"https:\\\/\\\/www.cpmn.info\\\/boutique\\\/wp-content\\\/uploads\\\/2023\\\/11\\\/cropped-cropped-Logo-site-CPMN-boutique.png\",\"width\":354,\"height\":219,\"caption\":\"La boutique CPMN\"},\"image\":{\"@id\":\"https:\\\/\\\/www.cpmn.info\\\/boutique\\\/#\\\/schema\\\/logo\\\/image\\\/\"}}]}<\/script>\n<!-- \/ Yoast SEO plugin. -->","yoast_head_json":{"title":"La boutique CPMN des m\u00e9diateurs professionnels","description":"Retrouvez la boutique de la m\u00e9diation professionnelle, et adh\u00e9rez \u00e0 la CPMN en ligne.","robots":{"index":"index","follow":"follow","max-snippet":"max-snippet:-1","max-image-preview":"max-image-preview:large","max-video-preview":"max-video-preview:-1"},"canonical":"https:\/\/www.cpmn.info\/boutique\/","og_locale":"fr_FR","og_type":"article","og_title":"La boutique CPMN des m\u00e9diateurs professionnels","og_description":"Retrouvez la boutique de la m\u00e9diation professionnelle, et adh\u00e9rez \u00e0 la CPMN en ligne.","og_url":"https:\/\/www.cpmn.info\/boutique\/","og_site_name":"La boutique CPMN","article_modified_time":"2025-12-09T10:53:30+00:00","twitter_misc":{"Dur\u00e9e de lecture estim\u00e9e":"1 minute"},"schema":{"@context":"https:\/\/schema.org","@graph":[{"@type":"WebPage","@id":"https:\/\/www.cpmn.info\/boutique\/","url":"https:\/\/www.cpmn.info\/boutique\/","name":"La boutique CPMN des m\u00e9diateurs professionnels","isPartOf":{"@id":"https:\/\/www.cpmn.info\/boutique\/#website"},"datePublished":"2014-07-21T14:26:16+00:00","dateModified":"2025-12-09T10:53:30+00:00","description":"Retrouvez la boutique de la m\u00e9diation professionnelle, et adh\u00e9rez \u00e0 la CPMN en ligne.","breadcrumb":{"@id":"https:\/\/www.cpmn.info\/boutique\/#breadcrumb"},"inLanguage":"fr-FR","potentialAction":[{"@type":"ReadAction","target":["https:\/\/www.cpmn.info\/boutique\/"]}]},{"@type":"BreadcrumbList","@id":"https:\/\/www.cpmn.info\/boutique\/#breadcrumb","itemListElement":[{"@type":"ListItem","position":1,"name":"Accueil","item":"https:\/\/www.cpmn.info\/boutique\/"},{"@type":"ListItem","position":2,"name":"Accueil"}]},{"@type":"WebSite","@id":"https:\/\/www.cpmn.info\/boutique\/#website","url":"https:\/\/www.cpmn.info\/boutique\/","name":"La boutique CPMN","description":"La boutique des m\u00e9diateurs professionnels","publisher":{"@id":"https:\/\/www.cpmn.info\/boutique\/#organization"},"potentialAction":[{"@type":"SearchAction","target":{"@type":"EntryPoint","urlTemplate":"https:\/\/www.cpmn.info\/boutique\/?s={search_term_string}"},"query-input":{"@type":"PropertyValueSpecification","valueRequired":true,"valueName":"search_term_string"}}],"inLanguage":"fr-FR"},{"@type":"Organization","@id":"https:\/\/www.cpmn.info\/boutique\/#organization","name":"La boutique CPMN","url":"https:\/\/www.cpmn.info\/boutique\/","logo":{"@type":"ImageObject","inLanguage":"fr-FR","@id":"https:\/\/www.cpmn.info\/boutique\/#\/schema\/logo\/image\/","url":"https:\/\/www.cpmn.info\/boutique\/wp-content\/uploads\/2023\/11\/cropped-cropped-Logo-site-CPMN-boutique.png","contentUrl":"https:\/\/www.cpmn.info\/boutique\/wp-content\/uploads\/2023\/11\/cropped-cropped-Logo-site-CPMN-boutique.png","width":354,"height":219,"caption":"La boutique CPMN"},"image":{"@id":"https:\/\/www.cpmn.info\/boutique\/#\/schema\/logo\/image\/"}}]}},"_links":{"self":[{"href":"https:\/\/www.cpmn.info\/boutique\/wp-json\/wp\/v2\/pages\/50","targetHints":{"allow":["GET"]}}],"collection":[{"href":"https:\/\/www.cpmn.info\/boutique\/wp-json\/wp\/v2\/pages"}],"about":[{"href":"https:\/\/www.cpmn.info\/boutique\/wp-json\/wp\/v2\/types\/page"}],"author":[{"embeddable":true,"href":"https:\/\/www.cpmn.info\/boutique\/wp-json\/wp\/v2\/users\/1"}],"replies":[{"embeddable":true,"href":"https:\/\/www.cpmn.info\/boutique\/wp-json\/wp\/v2\/comments?post=50"}],"version-history":[{"count":59,"href":"https:\/\/www.cpmn.info\/boutique\/wp-json\/wp\/v2\/pages\/50\/revisions"}],"predecessor-version":[{"id":6404,"href":"https:\/\/www.cpmn.info\/boutique\/wp-json\/wp\/v2\/pages\/50\/revisions\/6404"}],"wp:attachment":[{"href":"https:\/\/www.cpmn.info\/boutique\/wp-json\/wp\/v2\/media?parent=50"}],"curies":[{"name":"wp","href":"https:\/\/api.w.org\/{rel}","templated":true}]}}