{"id":6897,"date":"2025-11-24T08:16:54","date_gmt":"2025-11-24T07:16:54","guid":{"rendered":"https:\/\/www.cpmn.info\/boutique\/?page_id=6897"},"modified":"2025-11-24T08:34:10","modified_gmt":"2025-11-24T07:34:10","slug":"pourquoi-adherer-a-la-cpmn","status":"publish","type":"page","link":"https:\/\/www.cpmn.info\/boutique\/pourquoi-adherer-a-la-cpmn\/","title":{"rendered":"Pourquoi adh\u00e9rer \u00e0 la CPMN ?"},"content":{"rendered":"<p><span style=\"color: #0000ff;\"><strong>Les raisons d&rsquo;adh\u00e9rer<\/strong><\/span><\/p>\n<p><span style=\"color: #0000ff;\"><strong>\u00catre identifi\u00e9 en tant que m\u00e9diateur professionnel :<\/strong><\/span><\/p>\n<ul>\n<li><span style=\"color: #0000ff;\">Etre membre de la seule organisation professionnelle internationale qui affirme la\u00a0m\u00e9diation comme discipline \u00e0 part enti\u00e8re<\/span><\/li>\n<li><span style=\"color: #0000ff;\">Etre acteur dans un r\u00e9seau dynamique<\/span><\/li>\n<li><span style=\"color: #0000ff;\">D\u00e9fendre vos int\u00e9r\u00eats de professionnel de la m\u00e9diation<\/span><\/li>\n<li><span style=\"color: #0000ff;\">D\u00e9velopper les relations avec les institutions politiques, sociales et professionnelles,\u00a0nationales et internationales,<\/span><\/li>\n<li><span style=\"color: #0000ff;\">Faire conna\u00eetre et reconna\u00eetre localement la CPMN et ses actions<\/span><\/li>\n<li><span style=\"color: #0000ff;\">Informer la CPMN de vos actions<\/span><\/li>\n<li><span style=\"color: #0000ff;\">Entretenir et d\u00e9velopper vos comp\u00e9tences<\/span><\/li>\n<\/ul>\n<p><span style=\"color: #0000ff;\"><strong>Avoir les moyens \u00e0 votre service :<\/strong><\/span><\/p>\n<ul>\n<li><span style=\"color: #0000ff;\">Votre pr\u00e9sence sur <a href=\"https:\/\/www.allomediateur.com\/\">AlloM\u00e9diateur.com<\/a><\/span><\/li>\n<li><span style=\"color: #0000ff;\">Acc\u00e9der aux informations et actualit\u00e9s de la profession<\/span><\/li>\n<li><span style=\"color: #0000ff;\">Votre pr\u00e9sence dans le tableau officiel\u00a0des m\u00e9diateurs professionnels<\/span><\/li>\n<li><span style=\"color: #0000ff;\">Proposer le code d\u2019\u00e9thique et de d\u00e9ontologie comme label de qualit\u00e9 de vos prestations<\/span><\/li>\n<li><span style=\"color: #0000ff;\">Votre pr\u00e9sence dans l&rsquo;annuaire \u00e9lectronique des m\u00e9diateurs professionnels<\/span><\/li>\n<\/ul>\n<p><span style=\"color: #0000ff;\">Pouvoir b\u00e9n\u00e9ficier du r\u00e9seau ViaMediation, centre de m\u00e9diation des m\u00e9diateurs professionnels et outil collaboratif de d\u00e9veloppement de la m\u00e9diation professionnelle aupr\u00e8s des organisations<\/span><\/p>\n<ul>\n<li><span style=\"color: #0000ff;\">Pouvoir faire appel \u00e0 des m\u00e9diateurs exp\u00e9riment\u00e9s pour \u00eatre accompagn\u00e9 et soutenu<\/span><\/li>\n<li><span style=\"color: #0000ff;\">Participer aux \u00e9v\u00e9nements organis\u00e9s par la CPMN<\/span><\/li>\n<\/ul>\n<p><span style=\"color: #0000ff;\"><strong>L&rsquo;organisation de la m\u00e9diation professionnelle EPMN &#8211; CPMN &#8211;\u00a0ViaMediation apporte aux m\u00e9diateurs professionnels<\/strong><\/span><\/p>\n<ul>\n<li><span style=\"color: #0000ff;\">Une m\u00e9thodologie fond\u00e9e sur la rationalit\u00e9<\/span><\/li>\n<li><span style=\"color: #0000ff;\">Une formation unique avec le premier dipl\u00f4me de la m\u00e9diation professionnelle CAP&rsquo;M<\/span><\/li>\n<li><span style=\"color: #0000ff;\">Un compte m\u00e9diateur stagiaire<\/span><\/li>\n<li><span style=\"color: #0000ff;\">Possibilit\u00e9 de tutorat et supervision en cours de formation<\/span><\/li>\n<li><span style=\"color: #0000ff;\">Une homologation des m\u00e9diateurs professionnels formateurs par l&rsquo;EPMN pour les interventions p\u00e9dagogiques<\/span><\/li>\n<li><span style=\"color: #0000ff;\">Une reconnaissance internationale tourn\u00e9e vers l&rsquo;ensemble de la francophonie, des pays lusophones et anglophones<\/span><\/li>\n<li><span style=\"color: #0000ff;\">Une organisation historique de repr\u00e9sentation professionnelle, organis\u00e9e avec des d\u00e9l\u00e9gations g\u00e9ographiques<\/span><\/li>\n<li><span style=\"color: #0000ff;\">Une r\u00e9f\u00e9rence avec le premier code d&rsquo;\u00e9thique et de d\u00e9ontologie le CODEOME<\/span><\/li>\n<li><span style=\"color: #0000ff;\">Des superviseurs et tuteurs sur tout le territoire<\/span><\/li>\n<li><span style=\"color: #0000ff;\">Des r\u00e9f\u00e9rences d&rsquo;intervention avec une cha\u00eene audiovisuelle\u00a0<\/span><strong><a href=\"http:\/\/www.mediateur.tv\">mediateur.tv<\/a><\/strong><\/li>\n<li><span style=\"color: #0000ff;\">Des outils de communication en r\u00e9seau exceptionnels et sans concurrence : <\/span><strong><a href=\"http:\/\/www.CPMN.info\">CPMN.info<\/a>, <a href=\"http:\/\/www.viaMediation.fr\">ViaMediation.fr<\/a><\/strong><\/li>\n<li><span style=\"color: #0000ff;\">La seule publication d&rsquo;actualit\u00e9 sp\u00e9cialis\u00e9e, \u00e9lectronique : <\/span><strong><a href=\"http:\/\/www.officieldelamediation.fr\/\">l&rsquo;Officiel de la M\u00e9diation<\/a><\/strong><\/li>\n<li><span style=\"color: #0000ff;\"><strong>Des mailings, des r\u00e9seaux sociaux anim\u00e9s de promotion des m\u00e9diateurs profession<\/strong>nels et de la m\u00e9diation professionnelle<\/span><\/li>\n<li><span style=\"color: #0000ff;\">Des outils concrets pour permettre aux m\u00e9diateurs professionnels d&rsquo;\u00e9voluer dans leur offre de services : \u00e9tude SIC, programmes de sensibilisation et d&rsquo;initiation \u00e0 la m\u00e9diation professionnelle, processus d&rsquo;entretien de prescription, processus d&rsquo;internalisation de la m\u00e9diation professionnelle DMPI,<\/span><\/li>\n<li><span style=\"color: #0000ff;\">L\u2019inscription sur le tableau officiel des m\u00e9diateurs professionnels et les listes \u00e9lectroniques: <a href=\"https:\/\/www.allomediateur.com\/\">Allomediateur.com<\/a><\/span><\/li>\n<li><span style=\"color: #0000ff;\">Une communication r\u00e9guli\u00e8re sur le droit opposable \u00e0 la m\u00e9diation professionnelle DOMP<\/span><\/li>\n<li><span style=\"color: #0000ff;\">Un \u00e9v\u00e9nement annuel exceptionnel le Symposium de la m\u00e9diation professionnelle<\/span><\/li>\n<li><span style=\"color: #0000ff;\">Des actions originales type flash-mob pour faire passer un message de qualit\u00e9 relationnelle, de dramatisation et de l\u00e9g\u00e8ret\u00e9 concernant la m\u00e9diation professionnelle<\/span><\/li>\n<li><span style=\"color: #0000ff;\">Des publications collectives, et un soutien pour la r\u00e9daction d&rsquo;ouvrages personnels<\/span><\/li>\n<li><span style=\"color: #0000ff;\">Des partenariats pr\u00e9sidentiels et de conf\u00e9rences sur des salons nationaux et r\u00e9gionaux&#8230;<\/span><\/li>\n<\/ul>\n<p>&nbsp;<\/p>\n<p>&nbsp;<\/p>\n","protected":false},"excerpt":{"rendered":"<p>Les raisons d&rsquo;adh\u00e9rer \u00catre identifi\u00e9 en tant que m\u00e9diateur professionnel : Etre membre de la seule organisation professionnelle internationale qui affirme la\u00a0m\u00e9diation comme discipline \u00e0 part enti\u00e8re Etre acteur dans un r\u00e9seau dynamique D\u00e9fendre vos int\u00e9r\u00eats de professionnel de la m\u00e9diation D\u00e9velopper les relations avec les institutions politiques, sociales et professionnelles,\u00a0nationales et internationales, Faire conna\u00eetre [&hellip;]<\/p>\n","protected":false},"author":469,"featured_media":0,"parent":0,"menu_order":0,"comment_status":"closed","ping_status":"closed","template":"","meta":{"pmpro_default_level":"","footnotes":""},"class_list":["post-6897","page","type-page","status-publish","hentry","pmpro-has-access"],"yoast_head":"<!-- This site is optimized with the Yoast SEO plugin v27.5 - https:\/\/yoast.com\/product\/yoast-seo-wordpress\/ -->\n<title>Pourquoi adh\u00e9rer \u00e0 la CPMN ? - La boutique CPMN<\/title>\n<meta name=\"robots\" content=\"index, follow, max-snippet:-1, max-image-preview:large, max-video-preview:-1\" \/>\n<link rel=\"canonical\" href=\"https:\/\/www.cpmn.info\/boutique\/pourquoi-adherer-a-la-cpmn\/\" \/>\n<meta property=\"og:locale\" content=\"fr_FR\" \/>\n<meta property=\"og:type\" content=\"article\" \/>\n<meta property=\"og:title\" content=\"Pourquoi adh\u00e9rer \u00e0 la CPMN ? - La boutique CPMN\" \/>\n<meta property=\"og:description\" content=\"Les raisons d&rsquo;adh\u00e9rer \u00catre identifi\u00e9 en tant que m\u00e9diateur professionnel : Etre membre de la seule organisation professionnelle internationale qui affirme la\u00a0m\u00e9diation comme discipline \u00e0 part enti\u00e8re Etre acteur dans un r\u00e9seau dynamique D\u00e9fendre vos int\u00e9r\u00eats de professionnel de la m\u00e9diation D\u00e9velopper les relations avec les institutions politiques, sociales et professionnelles,\u00a0nationales et internationales, Faire conna\u00eetre [&hellip;]\" \/>\n<meta property=\"og:url\" content=\"https:\/\/www.cpmn.info\/boutique\/pourquoi-adherer-a-la-cpmn\/\" \/>\n<meta property=\"og:site_name\" content=\"La boutique CPMN\" \/>\n<meta property=\"article:modified_time\" content=\"2025-11-24T07:34:10+00:00\" \/>\n<meta name=\"twitter:label1\" content=\"Dur\u00e9e de lecture estim\u00e9e\" \/>\n\t<meta name=\"twitter:data1\" content=\"3 minutes\" \/>\n<script type=\"application\/ld+json\" class=\"yoast-schema-graph\">{\"@context\":\"https:\\\/\\\/schema.org\",\"@graph\":[{\"@type\":\"WebPage\",\"@id\":\"https:\\\/\\\/www.cpmn.info\\\/boutique\\\/pourquoi-adherer-a-la-cpmn\\\/\",\"url\":\"https:\\\/\\\/www.cpmn.info\\\/boutique\\\/pourquoi-adherer-a-la-cpmn\\\/\",\"name\":\"Pourquoi adh\u00e9rer \u00e0 la CPMN ? - La boutique CPMN\",\"isPartOf\":{\"@id\":\"https:\\\/\\\/www.cpmn.info\\\/boutique\\\/#website\"},\"datePublished\":\"2025-11-24T07:16:54+00:00\",\"dateModified\":\"2025-11-24T07:34:10+00:00\",\"breadcrumb\":{\"@id\":\"https:\\\/\\\/www.cpmn.info\\\/boutique\\\/pourquoi-adherer-a-la-cpmn\\\/#breadcrumb\"},\"inLanguage\":\"fr-FR\",\"potentialAction\":[{\"@type\":\"ReadAction\",\"target\":[\"https:\\\/\\\/www.cpmn.info\\\/boutique\\\/pourquoi-adherer-a-la-cpmn\\\/\"]}]},{\"@type\":\"BreadcrumbList\",\"@id\":\"https:\\\/\\\/www.cpmn.info\\\/boutique\\\/pourquoi-adherer-a-la-cpmn\\\/#breadcrumb\",\"itemListElement\":[{\"@type\":\"ListItem\",\"position\":1,\"name\":\"Accueil\",\"item\":\"https:\\\/\\\/www.cpmn.info\\\/boutique\\\/\"},{\"@type\":\"ListItem\",\"position\":2,\"name\":\"Pourquoi adh\u00e9rer \u00e0 la CPMN ?\"}]},{\"@type\":\"WebSite\",\"@id\":\"https:\\\/\\\/www.cpmn.info\\\/boutique\\\/#website\",\"url\":\"https:\\\/\\\/www.cpmn.info\\\/boutique\\\/\",\"name\":\"La boutique CPMN\",\"description\":\"La boutique des m\u00e9diateurs professionnels\",\"publisher\":{\"@id\":\"https:\\\/\\\/www.cpmn.info\\\/boutique\\\/#organization\"},\"potentialAction\":[{\"@type\":\"SearchAction\",\"target\":{\"@type\":\"EntryPoint\",\"urlTemplate\":\"https:\\\/\\\/www.cpmn.info\\\/boutique\\\/?s={search_term_string}\"},\"query-input\":{\"@type\":\"PropertyValueSpecification\",\"valueRequired\":true,\"valueName\":\"search_term_string\"}}],\"inLanguage\":\"fr-FR\"},{\"@type\":\"Organization\",\"@id\":\"https:\\\/\\\/www.cpmn.info\\\/boutique\\\/#organization\",\"name\":\"La boutique CPMN\",\"url\":\"https:\\\/\\\/www.cpmn.info\\\/boutique\\\/\",\"logo\":{\"@type\":\"ImageObject\",\"inLanguage\":\"fr-FR\",\"@id\":\"https:\\\/\\\/www.cpmn.info\\\/boutique\\\/#\\\/schema\\\/logo\\\/image\\\/\",\"url\":\"https:\\\/\\\/www.cpmn.info\\\/boutique\\\/wp-content\\\/uploads\\\/2023\\\/11\\\/cropped-cropped-Logo-site-CPMN-boutique.png\",\"contentUrl\":\"https:\\\/\\\/www.cpmn.info\\\/boutique\\\/wp-content\\\/uploads\\\/2023\\\/11\\\/cropped-cropped-Logo-site-CPMN-boutique.png\",\"width\":354,\"height\":219,\"caption\":\"La boutique CPMN\"},\"image\":{\"@id\":\"https:\\\/\\\/www.cpmn.info\\\/boutique\\\/#\\\/schema\\\/logo\\\/image\\\/\"}}]}<\/script>\n<!-- \/ Yoast SEO plugin. -->","yoast_head_json":{"title":"Pourquoi adh\u00e9rer \u00e0 la CPMN ? - La boutique CPMN","robots":{"index":"index","follow":"follow","max-snippet":"max-snippet:-1","max-image-preview":"max-image-preview:large","max-video-preview":"max-video-preview:-1"},"canonical":"https:\/\/www.cpmn.info\/boutique\/pourquoi-adherer-a-la-cpmn\/","og_locale":"fr_FR","og_type":"article","og_title":"Pourquoi adh\u00e9rer \u00e0 la CPMN ? - La boutique CPMN","og_description":"Les raisons d&rsquo;adh\u00e9rer \u00catre identifi\u00e9 en tant que m\u00e9diateur professionnel : Etre membre de la seule organisation professionnelle internationale qui affirme la\u00a0m\u00e9diation comme discipline \u00e0 part enti\u00e8re Etre acteur dans un r\u00e9seau dynamique D\u00e9fendre vos int\u00e9r\u00eats de professionnel de la m\u00e9diation D\u00e9velopper les relations avec les institutions politiques, sociales et professionnelles,\u00a0nationales et internationales, Faire conna\u00eetre [&hellip;]","og_url":"https:\/\/www.cpmn.info\/boutique\/pourquoi-adherer-a-la-cpmn\/","og_site_name":"La boutique CPMN","article_modified_time":"2025-11-24T07:34:10+00:00","twitter_misc":{"Dur\u00e9e de lecture estim\u00e9e":"3 minutes"},"schema":{"@context":"https:\/\/schema.org","@graph":[{"@type":"WebPage","@id":"https:\/\/www.cpmn.info\/boutique\/pourquoi-adherer-a-la-cpmn\/","url":"https:\/\/www.cpmn.info\/boutique\/pourquoi-adherer-a-la-cpmn\/","name":"Pourquoi adh\u00e9rer \u00e0 la CPMN ? - La boutique CPMN","isPartOf":{"@id":"https:\/\/www.cpmn.info\/boutique\/#website"},"datePublished":"2025-11-24T07:16:54+00:00","dateModified":"2025-11-24T07:34:10+00:00","breadcrumb":{"@id":"https:\/\/www.cpmn.info\/boutique\/pourquoi-adherer-a-la-cpmn\/#breadcrumb"},"inLanguage":"fr-FR","potentialAction":[{"@type":"ReadAction","target":["https:\/\/www.cpmn.info\/boutique\/pourquoi-adherer-a-la-cpmn\/"]}]},{"@type":"BreadcrumbList","@id":"https:\/\/www.cpmn.info\/boutique\/pourquoi-adherer-a-la-cpmn\/#breadcrumb","itemListElement":[{"@type":"ListItem","position":1,"name":"Accueil","item":"https:\/\/www.cpmn.info\/boutique\/"},{"@type":"ListItem","position":2,"name":"Pourquoi adh\u00e9rer \u00e0 la CPMN ?"}]},{"@type":"WebSite","@id":"https:\/\/www.cpmn.info\/boutique\/#website","url":"https:\/\/www.cpmn.info\/boutique\/","name":"La boutique CPMN","description":"La boutique des m\u00e9diateurs professionnels","publisher":{"@id":"https:\/\/www.cpmn.info\/boutique\/#organization"},"potentialAction":[{"@type":"SearchAction","target":{"@type":"EntryPoint","urlTemplate":"https:\/\/www.cpmn.info\/boutique\/?s={search_term_string}"},"query-input":{"@type":"PropertyValueSpecification","valueRequired":true,"valueName":"search_term_string"}}],"inLanguage":"fr-FR"},{"@type":"Organization","@id":"https:\/\/www.cpmn.info\/boutique\/#organization","name":"La boutique CPMN","url":"https:\/\/www.cpmn.info\/boutique\/","logo":{"@type":"ImageObject","inLanguage":"fr-FR","@id":"https:\/\/www.cpmn.info\/boutique\/#\/schema\/logo\/image\/","url":"https:\/\/www.cpmn.info\/boutique\/wp-content\/uploads\/2023\/11\/cropped-cropped-Logo-site-CPMN-boutique.png","contentUrl":"https:\/\/www.cpmn.info\/boutique\/wp-content\/uploads\/2023\/11\/cropped-cropped-Logo-site-CPMN-boutique.png","width":354,"height":219,"caption":"La boutique CPMN"},"image":{"@id":"https:\/\/www.cpmn.info\/boutique\/#\/schema\/logo\/image\/"}}]}},"_links":{"self":[{"href":"https:\/\/www.cpmn.info\/boutique\/wp-json\/wp\/v2\/pages\/6897","targetHints":{"allow":["GET"]}}],"collection":[{"href":"https:\/\/www.cpmn.info\/boutique\/wp-json\/wp\/v2\/pages"}],"about":[{"href":"https:\/\/www.cpmn.info\/boutique\/wp-json\/wp\/v2\/types\/page"}],"author":[{"embeddable":true,"href":"https:\/\/www.cpmn.info\/boutique\/wp-json\/wp\/v2\/users\/469"}],"replies":[{"embeddable":true,"href":"https:\/\/www.cpmn.info\/boutique\/wp-json\/wp\/v2\/comments?post=6897"}],"version-history":[{"count":6,"href":"https:\/\/www.cpmn.info\/boutique\/wp-json\/wp\/v2\/pages\/6897\/revisions"}],"predecessor-version":[{"id":6903,"href":"https:\/\/www.cpmn.info\/boutique\/wp-json\/wp\/v2\/pages\/6897\/revisions\/6903"}],"wp:attachment":[{"href":"https:\/\/www.cpmn.info\/boutique\/wp-json\/wp\/v2\/media?parent=6897"}],"curies":[{"name":"wp","href":"https:\/\/api.w.org\/{rel}","templated":true}]}}