{"id":6990,"date":"2026-02-11T09:40:59","date_gmt":"2026-02-11T08:40:59","guid":{"rendered":"https:\/\/www.cpmn.info\/boutique\/?page_id=6990"},"modified":"2026-02-11T09:49:06","modified_gmt":"2026-02-11T08:49:06","slug":"newslettre-cpmn","status":"publish","type":"page","link":"https:\/\/www.cpmn.info\/boutique\/newslettre-cpmn\/","title":{"rendered":"Newsletter CPMN"},"content":{"rendered":"<div class=\"wpb-content-wrapper\"><p>[vc_row][vc_column][vc_column_text css=\u00a0\u00bb\u00a0\u00bb]<strong>\n\t\t\t<form id=\"sib_signup_form_1\" method=\"post\" class=\"sib_signup_form\">\n\t\t\t\t<div class=\"sib_loader\" style=\"display:none;\"><img\n\t\t\t\t\t\t\tsrc=\"https:\/\/www.cpmn.info\/boutique\/wp-includes\/images\/spinner.gif\" alt=\"loader\"><\/div>\n\t\t\t\t<input type=\"hidden\" name=\"sib_form_action\" value=\"subscribe_form_submit\">\n\t\t\t\t<input type=\"hidden\" name=\"sib_form_id\" value=\"1\">\n                <input type=\"hidden\" name=\"sib_form_alert_notice\" value=\"Veuillez remplir ce champ\">\n                <input type=\"hidden\" name=\"sib_form_invalid_email_notice\" value=\"Votre adresse email n\u2019est pas valide\">\n                <input type=\"hidden\" name=\"sib_security\" value=\"c3057ffc14\">\n\t\t\t\t<div class=\"sib_signup_box_inside_1\">\n\t\t\t\t\t<div style=\"\/*display:none*\/\" class=\"sib_msg_disp\">\n\t\t\t\t\t<\/div>\n                    \t\t\t\t\t<p>\r\n    Votre adresse e\u2011mail nous permet simplement de vous envoyer notre newsletter \r\n    ainsi que les informations li\u00e9es aux activit\u00e9s de la CPMN. \r\n    Vous pouvez vous d\u00e9sinscrire \u00e0 tout moment gr\u00e2ce au lien pr\u00e9sent dans chacun de nos messages.\r\n<\/p>\r\n\r\n<p class=\"sib-email-area\">\r\n    Adresse e\u2011mail*\r\n    <input type=\"email\" class=\"sib-email-area\" name=\"email\" required=\"required\">\r\n<\/p>\r\n\r\n<p class=\"sib-NAME-area\">\r\n    Nom\r\n    <input type=\"text\" class=\"sib-NAME-area\" name=\"NAME\">\r\n<\/p>\r\n\r\n<p class=\"sib-SMS-area\">\r\n    <label class=\"sib-SMS-area\">SMS<\/label>\r\n    <div class=\"sib-sms-field\">\r\n        <div class=\"sib-country-block\">\r\n            <div class=\"sib-toggle sib-country-flg\">\r\n                <div class=\"sib-cflags\" style=\"background-image:url(https:\/\/www.cpmn.info\/boutique\/wp-content\/plugins\/mailin\/img\/flags\/fr.png)\"><\/div>\r\n                <div class=\"sib-icon-arrow\"><\/div>\r\n            <\/div>\r\n        <\/div>\r\n        <ul class=\"sib-country-list\" style=\"display: none\"><\/ul>\r\n        <input type=\"hidden\" name=\"sib_SMS_prefix\" value=\"+33\">\r\n        <input type=\"text\" name=\"SMS\" class=\"sib-sms\" value=\"+33\">\r\n    <\/div>\r\n    <small>Indiquez simplement votre num\u00e9ro de t\u00e9l\u00e9phone portable.  \r\n    Le pr\u00e9fixe +33 (France) est d\u00e9j\u00e0 s\u00e9lectionn\u00e9 pour vous.<\/small>\r\n<\/p>\r\n\r\n<p>\r\n    <input type=\"submit\" class=\"sib-default-btn\" value=\"S\u2019inscrire\">\r\n<\/p>\r\n\t\t\t\t<\/div>\n\t\t\t<\/form>\n\t\t\t<style>\n\t\t\t\tform#sib_signup_form_1 p.sib-alert-message {\n    padding: 6px 12px;\n    margin-bottom: 20px;\n    border: 1px solid transparent;\n    border-radius: 4px;\n    -webkit-box-sizing: border-box;\n    -moz-box-sizing: border-box;\n    box-sizing: border-box;\n}\nform#sib_signup_form_1 p.sib-alert-message-error {\n    background-color: #f2dede;\n    border-color: #ebccd1;\n    color: #a94442;\n}\nform#sib_signup_form_1 p.sib-alert-message-success {\n    background-color: #dff0d8;\n    border-color: #d6e9c6;\n    color: #3c763d;\n}\nform#sib_signup_form_1 p.sib-alert-message-warning {\n    background-color: #fcf8e3;\n    border-color: #faebcc;\n    color: #8a6d3b;\n}\n\t\t\t<\/style>\n\t\t\t<br \/>\n<\/strong>[\/vc_column_text][\/vc_column][\/vc_row]<\/p>\n<\/div>","protected":false},"excerpt":{"rendered":"<p>[vc_row][vc_column][vc_column_text css=\u00a0\u00bb\u00a0\u00bb] [\/vc_column_text][\/vc_column][\/vc_row]<\/p>\n","protected":false},"author":469,"featured_media":0,"parent":0,"menu_order":0,"comment_status":"closed","ping_status":"closed","template":"","meta":{"pmpro_default_level":"","footnotes":""},"class_list":["post-6990","page","type-page","status-publish","hentry","pmpro-has-access"],"yoast_head":"<!-- This site is optimized with the Yoast SEO plugin v27.6 - https:\/\/yoast.com\/product\/yoast-seo-wordpress\/ -->\n<title>Newsletter CPMN - La boutique CPMN<\/title>\n<meta name=\"robots\" content=\"index, follow, max-snippet:-1, max-image-preview:large, max-video-preview:-1\" \/>\n<link rel=\"canonical\" href=\"https:\/\/www.cpmn.info\/boutique\/newslettre-cpmn\/\" \/>\n<meta property=\"og:locale\" content=\"fr_FR\" \/>\n<meta property=\"og:type\" content=\"article\" \/>\n<meta property=\"og:title\" content=\"Newsletter CPMN - La boutique CPMN\" \/>\n<meta property=\"og:description\" content=\"[vc_row][vc_column][vc_column_text css=\u00a0\u00bb\u00a0\u00bb] [\/vc_column_text][\/vc_column][\/vc_row]\" \/>\n<meta property=\"og:url\" content=\"https:\/\/www.cpmn.info\/boutique\/newslettre-cpmn\/\" \/>\n<meta property=\"og:site_name\" content=\"La boutique CPMN\" \/>\n<meta property=\"article:modified_time\" content=\"2026-02-11T08:49:06+00:00\" \/>\n<meta name=\"twitter:label1\" content=\"Dur\u00e9e de lecture estim\u00e9e\" \/>\n\t<meta name=\"twitter:data1\" content=\"1 minute\" \/>\n<script type=\"application\/ld+json\" class=\"yoast-schema-graph\">{\"@context\":\"https:\\\/\\\/schema.org\",\"@graph\":[{\"@type\":\"WebPage\",\"@id\":\"https:\\\/\\\/www.cpmn.info\\\/boutique\\\/newslettre-cpmn\\\/\",\"url\":\"https:\\\/\\\/www.cpmn.info\\\/boutique\\\/newslettre-cpmn\\\/\",\"name\":\"Newsletter CPMN - La boutique CPMN\",\"isPartOf\":{\"@id\":\"https:\\\/\\\/www.cpmn.info\\\/boutique\\\/#website\"},\"datePublished\":\"2026-02-11T08:40:59+00:00\",\"dateModified\":\"2026-02-11T08:49:06+00:00\",\"breadcrumb\":{\"@id\":\"https:\\\/\\\/www.cpmn.info\\\/boutique\\\/newslettre-cpmn\\\/#breadcrumb\"},\"inLanguage\":\"fr-FR\",\"potentialAction\":[{\"@type\":\"ReadAction\",\"target\":[\"https:\\\/\\\/www.cpmn.info\\\/boutique\\\/newslettre-cpmn\\\/\"]}]},{\"@type\":\"BreadcrumbList\",\"@id\":\"https:\\\/\\\/www.cpmn.info\\\/boutique\\\/newslettre-cpmn\\\/#breadcrumb\",\"itemListElement\":[{\"@type\":\"ListItem\",\"position\":1,\"name\":\"Accueil\",\"item\":\"https:\\\/\\\/www.cpmn.info\\\/boutique\\\/\"},{\"@type\":\"ListItem\",\"position\":2,\"name\":\"Newsletter CPMN\"}]},{\"@type\":\"WebSite\",\"@id\":\"https:\\\/\\\/www.cpmn.info\\\/boutique\\\/#website\",\"url\":\"https:\\\/\\\/www.cpmn.info\\\/boutique\\\/\",\"name\":\"La boutique CPMN\",\"description\":\"La boutique des m\u00e9diateurs professionnels\",\"publisher\":{\"@id\":\"https:\\\/\\\/www.cpmn.info\\\/boutique\\\/#organization\"},\"potentialAction\":[{\"@type\":\"SearchAction\",\"target\":{\"@type\":\"EntryPoint\",\"urlTemplate\":\"https:\\\/\\\/www.cpmn.info\\\/boutique\\\/?s={search_term_string}\"},\"query-input\":{\"@type\":\"PropertyValueSpecification\",\"valueRequired\":true,\"valueName\":\"search_term_string\"}}],\"inLanguage\":\"fr-FR\"},{\"@type\":\"Organization\",\"@id\":\"https:\\\/\\\/www.cpmn.info\\\/boutique\\\/#organization\",\"name\":\"La boutique CPMN\",\"url\":\"https:\\\/\\\/www.cpmn.info\\\/boutique\\\/\",\"logo\":{\"@type\":\"ImageObject\",\"inLanguage\":\"fr-FR\",\"@id\":\"https:\\\/\\\/www.cpmn.info\\\/boutique\\\/#\\\/schema\\\/logo\\\/image\\\/\",\"url\":\"https:\\\/\\\/www.cpmn.info\\\/boutique\\\/wp-content\\\/uploads\\\/2023\\\/11\\\/cropped-cropped-Logo-site-CPMN-boutique.png\",\"contentUrl\":\"https:\\\/\\\/www.cpmn.info\\\/boutique\\\/wp-content\\\/uploads\\\/2023\\\/11\\\/cropped-cropped-Logo-site-CPMN-boutique.png\",\"width\":354,\"height\":219,\"caption\":\"La boutique CPMN\"},\"image\":{\"@id\":\"https:\\\/\\\/www.cpmn.info\\\/boutique\\\/#\\\/schema\\\/logo\\\/image\\\/\"}}]}<\/script>\n<!-- \/ Yoast SEO plugin. -->","yoast_head_json":{"title":"Newsletter CPMN - La boutique CPMN","robots":{"index":"index","follow":"follow","max-snippet":"max-snippet:-1","max-image-preview":"max-image-preview:large","max-video-preview":"max-video-preview:-1"},"canonical":"https:\/\/www.cpmn.info\/boutique\/newslettre-cpmn\/","og_locale":"fr_FR","og_type":"article","og_title":"Newsletter CPMN - La boutique CPMN","og_description":"[vc_row][vc_column][vc_column_text css=\u00a0\u00bb\u00a0\u00bb] [\/vc_column_text][\/vc_column][\/vc_row]","og_url":"https:\/\/www.cpmn.info\/boutique\/newslettre-cpmn\/","og_site_name":"La boutique CPMN","article_modified_time":"2026-02-11T08:49:06+00:00","twitter_misc":{"Dur\u00e9e de lecture estim\u00e9e":"1 minute"},"schema":{"@context":"https:\/\/schema.org","@graph":[{"@type":"WebPage","@id":"https:\/\/www.cpmn.info\/boutique\/newslettre-cpmn\/","url":"https:\/\/www.cpmn.info\/boutique\/newslettre-cpmn\/","name":"Newsletter CPMN - La boutique CPMN","isPartOf":{"@id":"https:\/\/www.cpmn.info\/boutique\/#website"},"datePublished":"2026-02-11T08:40:59+00:00","dateModified":"2026-02-11T08:49:06+00:00","breadcrumb":{"@id":"https:\/\/www.cpmn.info\/boutique\/newslettre-cpmn\/#breadcrumb"},"inLanguage":"fr-FR","potentialAction":[{"@type":"ReadAction","target":["https:\/\/www.cpmn.info\/boutique\/newslettre-cpmn\/"]}]},{"@type":"BreadcrumbList","@id":"https:\/\/www.cpmn.info\/boutique\/newslettre-cpmn\/#breadcrumb","itemListElement":[{"@type":"ListItem","position":1,"name":"Accueil","item":"https:\/\/www.cpmn.info\/boutique\/"},{"@type":"ListItem","position":2,"name":"Newsletter CPMN"}]},{"@type":"WebSite","@id":"https:\/\/www.cpmn.info\/boutique\/#website","url":"https:\/\/www.cpmn.info\/boutique\/","name":"La boutique CPMN","description":"La boutique des m\u00e9diateurs professionnels","publisher":{"@id":"https:\/\/www.cpmn.info\/boutique\/#organization"},"potentialAction":[{"@type":"SearchAction","target":{"@type":"EntryPoint","urlTemplate":"https:\/\/www.cpmn.info\/boutique\/?s={search_term_string}"},"query-input":{"@type":"PropertyValueSpecification","valueRequired":true,"valueName":"search_term_string"}}],"inLanguage":"fr-FR"},{"@type":"Organization","@id":"https:\/\/www.cpmn.info\/boutique\/#organization","name":"La boutique CPMN","url":"https:\/\/www.cpmn.info\/boutique\/","logo":{"@type":"ImageObject","inLanguage":"fr-FR","@id":"https:\/\/www.cpmn.info\/boutique\/#\/schema\/logo\/image\/","url":"https:\/\/www.cpmn.info\/boutique\/wp-content\/uploads\/2023\/11\/cropped-cropped-Logo-site-CPMN-boutique.png","contentUrl":"https:\/\/www.cpmn.info\/boutique\/wp-content\/uploads\/2023\/11\/cropped-cropped-Logo-site-CPMN-boutique.png","width":354,"height":219,"caption":"La boutique CPMN"},"image":{"@id":"https:\/\/www.cpmn.info\/boutique\/#\/schema\/logo\/image\/"}}]}},"_links":{"self":[{"href":"https:\/\/www.cpmn.info\/boutique\/wp-json\/wp\/v2\/pages\/6990","targetHints":{"allow":["GET"]}}],"collection":[{"href":"https:\/\/www.cpmn.info\/boutique\/wp-json\/wp\/v2\/pages"}],"about":[{"href":"https:\/\/www.cpmn.info\/boutique\/wp-json\/wp\/v2\/types\/page"}],"author":[{"embeddable":true,"href":"https:\/\/www.cpmn.info\/boutique\/wp-json\/wp\/v2\/users\/469"}],"replies":[{"embeddable":true,"href":"https:\/\/www.cpmn.info\/boutique\/wp-json\/wp\/v2\/comments?post=6990"}],"version-history":[{"count":4,"href":"https:\/\/www.cpmn.info\/boutique\/wp-json\/wp\/v2\/pages\/6990\/revisions"}],"predecessor-version":[{"id":6996,"href":"https:\/\/www.cpmn.info\/boutique\/wp-json\/wp\/v2\/pages\/6990\/revisions\/6996"}],"wp:attachment":[{"href":"https:\/\/www.cpmn.info\/boutique\/wp-json\/wp\/v2\/media?parent=6990"}],"curies":[{"name":"wp","href":"https:\/\/api.w.org\/{rel}","templated":true}]}}