{"id":6349,"date":"2025-11-21T16:25:58","date_gmt":"2025-11-21T15:25:58","guid":{"rendered":"https:\/\/www.cpmn.info\/boutique\/?post_type=product&#038;p=6349"},"modified":"2026-02-13T07:50:34","modified_gmt":"2026-02-13T06:50:34","slug":"adhesion-2026","status":"publish","type":"product","link":"https:\/\/www.cpmn.info\/boutique\/produit\/adhesion-2026\/","title":{"rendered":"Adh\u00e9sion 2026 \u00e0 la CPMN"},"content":{"rendered":"<div class=\"wpb-content-wrapper\"><p>[vc_row][vc_column][vc_single_image image=\u00a0\u00bb6351&Prime; img_size=\u00a0\u00bbfull\u00a0\u00bb alignment=\u00a0\u00bbcenter\u00a0\u00bb][\/vc_column][\/vc_row][vc_row][vc_column css=\u00a0\u00bb.vc_custom_1700650096067{border-top-width: 2px !important;border-right-width: 2px !important;border-bottom-width: 2px !important;border-left-width: 2px !important;border-left-color: #dd3333 !important;border-left-style: solid !important;border-right-color: #dd3333 !important;border-right-style: solid !important;border-top-color: #dd3333 !important;border-top-style: solid !important;border-bottom-color: #dd3333 !important;border-bottom-style: solid !important;border-radius: 10px !important;}\u00a0\u00bb][vc_column_text]<\/p>\n<p class=\"cvGsUA direction-ltr align-center para-style-body\"><span class=\"OYPEnA text-decoration-none text-strikethrough-none\"><img loading=\"lazy\" decoding=\"async\" class=\"alignright wp-image-6355\" src=\"https:\/\/www.cpmn.info\/boutique\/wp-content\/uploads\/2023\/11\/1200px-Assicurazioni_Generali_logo.svg_-300x243.png\" alt=\"\" width=\"204\" height=\"165\" srcset=\"https:\/\/www.cpmn.info\/boutique\/wp-content\/uploads\/2023\/11\/1200px-Assicurazioni_Generali_logo.svg_-300x243.png 300w, https:\/\/www.cpmn.info\/boutique\/wp-content\/uploads\/2023\/11\/1200px-Assicurazioni_Generali_logo.svg_-324x263.png 324w, https:\/\/www.cpmn.info\/boutique\/wp-content\/uploads\/2023\/11\/1200px-Assicurazioni_Generali_logo.svg_-416x337.png 416w, https:\/\/www.cpmn.info\/boutique\/wp-content\/uploads\/2023\/11\/1200px-Assicurazioni_Generali_logo.svg_-1024x830.png 1024w, https:\/\/www.cpmn.info\/boutique\/wp-content\/uploads\/2023\/11\/1200px-Assicurazioni_Generali_logo.svg_-768x623.png 768w, https:\/\/www.cpmn.info\/boutique\/wp-content\/uploads\/2023\/11\/1200px-Assicurazioni_Generali_logo.svg_.png 1200w\" sizes=\"auto, (max-width: 204px) 100vw, 204px\" \/>Dans le cadre de votre adh\u00e9sion, la CPMN vous propose de souscrire \u00e0 une <\/span><span class=\"OYPEnA text-decoration-none text-strikethrough-none\">assurance RCP<\/span><span class=\"OYPEnA text-decoration-none text-strikethrough-none\">. Cette ann\u00e9e, la CPMN a conclu un partenariat avec Generali afin de proposer \u00e0 un tarif pr\u00e9f\u00e9rentiel (98 euros), une assurance qui couvre les activit\u00e9s de m\u00e9diation, de formation et de conseil en ressources humaines.<\/span><\/p>\n<p class=\"cvGsUA direction-ltr align-center para-style-body\"><a class=\"OYPEnA text-decoration-underline text-strikethrough-none\" draggable=\"false\" href=\"https:\/\/www.cpmn.info\/boutique\/assurance-rcp-v2026\/\" target=\"_blank\" rel=\"noopener\">\u25ba T\u00e9l\u00e9chargez le bulletin d\u2019adh\u00e9sion de Generali &amp; les conditions g\u00e9n\u00e9rales<\/a><\/p>\n<p class=\"cvGsUA direction-ltr align-center para-style-body\"><span class=\"OYPEnA text-decoration-none text-strikethrough-none\">Pour toute souscription, nous vous remercions de faire parvenir par courrier votre cotisation + bulletin d\u2019adh\u00e9sion \u00e0 :<\/span><\/p>\n<p class=\"cvGsUA direction-ltr align-center para-style-body\"><span class=\"OYPEnA text-decoration-none text-strikethrough-none\">SARL PRADOURAT &amp; associ\u00e9s<\/span><\/p>\n<p class=\"cvGsUA direction-ltr align-center para-style-body\"><span class=\"OYPEnA text-decoration-none text-strikethrough-none\">ZA du Bresson \u2013 Aux rotys \u2013 BP4<\/span><\/p>\n<p class=\"cvGsUA direction-ltr align-center para-style-body\"><span class=\"OYPEnA text-decoration-none text-strikethrough-none\">38 660 \u2013 LE TOUVET<\/span><\/p>\n<p>[\/vc_column_text][\/vc_column][\/vc_row][vc_row][vc_column][vc_column_text]<\/p>\n<ul>\n<li><b>Est-il possible de r\u00e9gler ma cotisation en plusieurs fois ?<\/b><b>\u00a0<\/b><\/li>\n<\/ul>\n<p>C&rsquo;est possible si vous r\u00e9glez le montant par ch\u00e8que : 4 au maximum renvoy\u00e9s \u00e0 la CPMN.<\/p>\n<ul>\n<li><b>Mon adh\u00e9sion inclut-elle la cotisation \u00e0 la RCP ?<\/b><b>\u00a0<\/b><\/li>\n<\/ul>\n<p>Non, la RCP doit \u00eatre souscrite s\u00e9par\u00e9ment aupr\u00e8s de l&rsquo;assureur avec lequel la CPMN a mis en place un contrat groupe.<\/p>\n<ul>\n<li><b>O\u00f9 trouver les documents pour souscrire \u00e0 la RCP ?<\/b><b>\u00a0<\/b><\/li>\n<\/ul>\n<p>En cliquant sur\u00a0<a href=\"https:\/\/www.cpmn.info\/boutique\/assurance-rcp-v2026\/\" target=\"_blank\" rel=\"noopener\" data-saferedirecturl=\"https:\/\/www.google.com\/url?q=https:\/\/www.cpmn.info\/boutique\/wp-content\/uploads\/2022\/11\/CPMN-V2023.pdf&amp;source=gmail&amp;ust=1700731977430000&amp;usg=AOvVaw3n56SqPacDSAwvbrTNoFRc\">ce lien<\/a>.<\/p>\n<ul>\n<li><b>Si j&rsquo;adh\u00e8re \u00e0 la CPMN en cours d&rsquo;ann\u00e9e, puis-je b\u00e9n\u00e9ficier d&rsquo;un prorata temporis ?<\/b><b>\u00a0<\/b><\/li>\n<\/ul>\n<p>Non, pour des raisons de simplification des proc\u00e9dures administratives et de planification budg\u00e9taire.<\/p>\n<ul>\n<li><b>Quels sont les moyens de r\u00e8glement possibles pour acquitter ma cotisation ?<\/b><b>\u00a0<\/b><\/li>\n<\/ul>\n<p>L&rsquo;adh\u00e9sion \u00e0 la CPMN peut \u00eatre accept\u00e9e par CB (de pr\u00e9f\u00e9rence), par ch\u00e8que ou par virement bancaire.<\/p>\n<ul>\n<li><b>Quelle est la dur\u00e9e de validit\u00e9 de mon adh\u00e9sion \u00e0 la CPMN ?<\/b><b>\u00a0<\/b><\/li>\n<\/ul>\n<p>L&rsquo;adh\u00e9sion \u00e0 la CPMN est d&rsquo;une ann\u00e9e civile, elle court du 01\/01 au 31\/12.<\/p>\n<ul>\n<li><b>Puis-je m&rsquo;inscrire \u00e0 la CPMN avant d&rsquo;avoir retir\u00e9 mon CAP&rsquo;M ?<\/b><b>\u00a0<\/b><\/li>\n<\/ul>\n<p>Non. Pour adh\u00e9rer \u00e0 la CPMN, il faut \u00eatre titulaire du CAP&rsquo;M.<\/p>\n<ul>\n<li><b>Quand mon adh\u00e9sion est-elle consid\u00e9r\u00e9e comme valid\u00e9e ?<\/b><b>\u00a0<\/b><\/li>\n<\/ul>\n<p>Une adh\u00e9sion est consid\u00e9r\u00e9e comme valid\u00e9e, une fois que son r\u00e8glement a \u00e9t\u00e9 cr\u00e9dit\u00e9 sur le compte bancaire de la CPMN. Le plus rapide \u00e9tant le r\u00e8glement par carte bleue.<\/p>\n<ul>\n<li><b>Une carte d&rsquo;adh\u00e9sion m&rsquo;est-elle envoy\u00e9e ?<\/b><b>\u00a0<\/b><\/li>\n<\/ul>\n<p>Oui, toute adh\u00e9sion d\u00e9bouche sur l&rsquo;envoi d&rsquo;une carte d&rsquo;adh\u00e9rent. Elles sont envoy\u00e9es dans les 15 jours qui suivent la r\u00e9ception de votre r\u00e8glement sur notre compte bancaire.<\/p>\n<ul>\n<li><b>Comment puis-je \u00eatre s\u00fbr que mon adh\u00e9sion est bien prise en compte ?<\/b><b>\u00a0<\/b><\/li>\n<\/ul>\n<p>Vous \u00eates inform\u00e9(e) par mail de la prise en compte de votre demande d&rsquo;adh\u00e9sion. Celle-ci est imm\u00e9diatement rendue effective par l&rsquo;envoi d&rsquo;un re\u00e7u CB lorsque le r\u00e8glement est effectu\u00e9 par Carte Bleue. En cas de r\u00e8glement par ch\u00e8que ou par virement, la confirmation est envoy\u00e9e \u00e0 r\u00e9ception.<\/p>\n<p>Enfin, une facture finale vous est destin\u00e9e apr\u00e8s le traitement de votre commande par le secr\u00e9tariat CPMN.[\/vc_column_text][\/vc_column][\/vc_row][vc_row][vc_column css=\u00a0\u00bb.vc_custom_1700650096067{border-top-width: 2px !important;border-right-width: 2px !important;border-bottom-width: 2px !important;border-left-width: 2px !important;border-left-color: #dd3333 !important;border-left-style: solid !important;border-right-color: #dd3333 !important;border-right-style: solid !important;border-top-color: #dd3333 !important;border-top-style: solid !important;border-bottom-color: #dd3333 !important;border-bottom-style: solid !important;border-radius: 10px !important;}\u00a0\u00bb][vc_column_text]<\/p>\n<h4><a href=\"https:\/\/www.epmn.fr\/tag\/ateliers\"><img loading=\"lazy\" decoding=\"async\" class=\"alignright wp-image-6563\" src=\"https:\/\/www.cpmn.info\/boutique\/wp-content\/uploads\/2023\/11\/logo-EPMN-HD-300.png\" alt=\"\" width=\"200\" height=\"76\" \/><\/a>Ateliers de perfectionnement propos\u00e9s par l&rsquo;EPMN<\/h4>\n<p>La CPMN offre aux m\u00e9diateurs professionnels une opportunit\u00e9 enrichissante de perfectionner leurs comp\u00e9tences et d&rsquo;\u00e9tendre leur expertise \u00e0 travers une gamme compl\u00e8te d&rsquo;ateliers de formation.<\/p>\n<p>Chaque atelier, d&rsquo;une dur\u00e9e de trois heures, est sp\u00e9cialement con\u00e7u pour couvrir diff\u00e9rents aspects de la m\u00e9diation et de l&rsquo;ing\u00e9nierie relationnelle. La CPMN met \u00e0 disposition de chacun de ses membres \u00e0 jour de cotisation un cr\u00e9dit de formation (le PCF) d&rsquo;un montant de 120 \u20ac, correspondant \u00e0 la participation \u00e0 un atelier de perfectionnement.<\/p>\n<p><a href=\"https:\/\/www.epmn.fr\/tag\/ateliers\" target=\"_blank\" rel=\"noopener\"><strong>Cliquez-ici pour en savoir plus.<\/strong><\/a>[\/vc_column_text][\/vc_column][\/vc_row]<\/p>\n<\/div>","protected":false},"excerpt":{"rendered":"<p>Adh\u00e9rez \u00e0 la Chambre Professionnelle de la M\u00e9diation et de la N\u00e9gociation et soyez r\u00e9f\u00e9renc\u00e9 M\u00e9diateur Professionnel.<\/p>\n<p><strong><span style=\"color: #0000ff;\"><a href=\"https:\/\/www.cpmn.info\/boutique\/categorie-produit\/adhesion-cpmn\/demande_delais\/\" target=\"_blank\" rel=\"noopener\">Besoin d&rsquo;une facilit\u00e9 de paiement, cliquez sur ce lien.<\/a><\/span><\/strong><\/p>\n<p><span class=\"OYPEnA text-decoration-none text-strikethrough-none\" style=\"color: #ff0000;\">Valable du 01\/01\/2026 au 31\/12\/2026.\u00a0<\/span><\/p>\n<p><img loading=\"lazy\" decoding=\"async\" class=\"aligncenter size-full wp-image-6353\" src=\"https:\/\/www.cpmn.info\/boutique\/wp-content\/uploads\/2023\/11\/cpmn-2024-B2.jpg\" alt=\"\" width=\"1376\" height=\"1697\" srcset=\"https:\/\/www.cpmn.info\/boutique\/wp-content\/uploads\/2023\/11\/cpmn-2024-B2.jpg 1376w, https:\/\/www.cpmn.info\/boutique\/wp-content\/uploads\/2023\/11\/cpmn-2024-B2-324x400.jpg 324w, https:\/\/www.cpmn.info\/boutique\/wp-content\/uploads\/2023\/11\/cpmn-2024-B2-416x513.jpg 416w, https:\/\/www.cpmn.info\/boutique\/wp-content\/uploads\/2023\/11\/cpmn-2024-B2-243x300.jpg 243w, https:\/\/www.cpmn.info\/boutique\/wp-content\/uploads\/2023\/11\/cpmn-2024-B2-830x1024.jpg 830w, https:\/\/www.cpmn.info\/boutique\/wp-content\/uploads\/2023\/11\/cpmn-2024-B2-768x947.jpg 768w, https:\/\/www.cpmn.info\/boutique\/wp-content\/uploads\/2023\/11\/cpmn-2024-B2-1245x1536.jpg 1245w\" sizes=\"auto, (max-width: 1376px) 100vw, 1376px\" \/><\/p>\n","protected":false},"featured_media":6371,"comment_status":"closed","ping_status":"closed","template":"","meta":{"pmpro_default_level":""},"product_brand":[],"product_cat":[13],"product_tag":[25,61],"class_list":{"0":"post-6349","1":"product","2":"type-product","3":"status-publish","4":"has-post-thumbnail","6":"product_cat-adhesion-cpmn","7":"product_tag-adhesion","8":"product_tag-mediateur-professionnel-2026","9":"pmpro-has-access","11":"first","12":"instock","13":"featured","14":"virtual","15":"purchasable","16":"product-type-simple"},"yoast_head":"<!-- This site is optimized with the Yoast SEO plugin v27.5 - https:\/\/yoast.com\/product\/yoast-seo-wordpress\/ -->\n<title>Adh\u00e9sion 2026 \u00e0 la CPMN - La boutique CPMN<\/title>\n<meta name=\"description\" content=\"Adh\u00e9rez \u00e0 la Chambre Professionnelle de la M\u00e9diation et de la N\u00e9gociation et soyez r\u00e9f\u00e9renc\u00e9 M\u00e9diateur Professionnel. L\u2019adh\u00e9sion est valable pour l\u2019ann\u00e9e civile d\u2019adh\u00e9sion.\" \/>\n<meta name=\"robots\" content=\"index, follow, max-snippet:-1, max-image-preview:large, max-video-preview:-1\" \/>\n<link rel=\"canonical\" href=\"https:\/\/www.cpmn.info\/boutique\/produit\/adhesion-2026\/\" \/>\n<meta property=\"og:locale\" content=\"fr_FR\" \/>\n<meta property=\"og:type\" content=\"article\" \/>\n<meta property=\"og:title\" content=\"Adh\u00e9sion 2026 \u00e0 la CPMN - La boutique CPMN\" \/>\n<meta property=\"og:description\" content=\"Adh\u00e9rez \u00e0 la Chambre Professionnelle de la M\u00e9diation et de la N\u00e9gociation et soyez r\u00e9f\u00e9renc\u00e9 M\u00e9diateur Professionnel. L\u2019adh\u00e9sion est valable pour l\u2019ann\u00e9e civile d\u2019adh\u00e9sion.\" \/>\n<meta property=\"og:url\" content=\"https:\/\/www.cpmn.info\/boutique\/produit\/adhesion-2026\/\" \/>\n<meta property=\"og:site_name\" content=\"La boutique CPMN\" \/>\n<meta property=\"article:modified_time\" content=\"2026-02-13T06:50:34+00:00\" \/>\n<meta property=\"og:image\" content=\"https:\/\/www.cpmn.info\/boutique\/wp-content\/uploads\/2023\/11\/Page-web-CPMN-2.png\" \/>\n\t<meta property=\"og:image:width\" content=\"1041\" \/>\n\t<meta property=\"og:image:height\" content=\"1038\" \/>\n\t<meta property=\"og:image:type\" content=\"image\/png\" \/>\n<meta name=\"twitter:label1\" content=\"Dur\u00e9e de lecture estim\u00e9e\" \/>\n\t<meta name=\"twitter:data1\" content=\"4 minutes\" \/>\n<script type=\"application\/ld+json\" class=\"yoast-schema-graph\">{\"@context\":\"https:\\\/\\\/schema.org\",\"@graph\":[{\"@type\":\"WebPage\",\"@id\":\"https:\\\/\\\/www.cpmn.info\\\/boutique\\\/produit\\\/adhesion-2026\\\/\",\"url\":\"https:\\\/\\\/www.cpmn.info\\\/boutique\\\/produit\\\/adhesion-2026\\\/\",\"name\":\"Adh\u00e9sion 2026 \u00e0 la CPMN - La boutique CPMN\",\"isPartOf\":{\"@id\":\"https:\\\/\\\/www.cpmn.info\\\/boutique\\\/#website\"},\"primaryImageOfPage\":{\"@id\":\"https:\\\/\\\/www.cpmn.info\\\/boutique\\\/produit\\\/adhesion-2026\\\/#primaryimage\"},\"image\":{\"@id\":\"https:\\\/\\\/www.cpmn.info\\\/boutique\\\/produit\\\/adhesion-2026\\\/#primaryimage\"},\"thumbnailUrl\":\"https:\\\/\\\/www.cpmn.info\\\/boutique\\\/wp-content\\\/uploads\\\/2023\\\/11\\\/Page-web-CPMN-2.png\",\"datePublished\":\"2025-11-21T15:25:58+00:00\",\"dateModified\":\"2026-02-13T06:50:34+00:00\",\"description\":\"Adh\u00e9rez \u00e0 la Chambre Professionnelle de la M\u00e9diation et de la N\u00e9gociation et soyez r\u00e9f\u00e9renc\u00e9 M\u00e9diateur Professionnel. L\u2019adh\u00e9sion est valable pour l\u2019ann\u00e9e civile d\u2019adh\u00e9sion.\",\"breadcrumb\":{\"@id\":\"https:\\\/\\\/www.cpmn.info\\\/boutique\\\/produit\\\/adhesion-2026\\\/#breadcrumb\"},\"inLanguage\":\"fr-FR\",\"potentialAction\":[{\"@type\":\"ReadAction\",\"target\":[\"https:\\\/\\\/www.cpmn.info\\\/boutique\\\/produit\\\/adhesion-2026\\\/\"]}]},{\"@type\":\"ImageObject\",\"inLanguage\":\"fr-FR\",\"@id\":\"https:\\\/\\\/www.cpmn.info\\\/boutique\\\/produit\\\/adhesion-2026\\\/#primaryimage\",\"url\":\"https:\\\/\\\/www.cpmn.info\\\/boutique\\\/wp-content\\\/uploads\\\/2023\\\/11\\\/Page-web-CPMN-2.png\",\"contentUrl\":\"https:\\\/\\\/www.cpmn.info\\\/boutique\\\/wp-content\\\/uploads\\\/2023\\\/11\\\/Page-web-CPMN-2.png\",\"width\":1041,\"height\":1038},{\"@type\":\"BreadcrumbList\",\"@id\":\"https:\\\/\\\/www.cpmn.info\\\/boutique\\\/produit\\\/adhesion-2026\\\/#breadcrumb\",\"itemListElement\":[{\"@type\":\"ListItem\",\"position\":1,\"name\":\"Accueil\",\"item\":\"https:\\\/\\\/www.cpmn.info\\\/boutique\\\/\"},{\"@type\":\"ListItem\",\"position\":2,\"name\":\"Boutique\",\"item\":\"https:\\\/\\\/www.cpmn.info\\\/boutique\\\/boutique\\\/\"},{\"@type\":\"ListItem\",\"position\":3,\"name\":\"Adh\u00e9sion 2026 \u00e0 la CPMN\"}]},{\"@type\":\"WebSite\",\"@id\":\"https:\\\/\\\/www.cpmn.info\\\/boutique\\\/#website\",\"url\":\"https:\\\/\\\/www.cpmn.info\\\/boutique\\\/\",\"name\":\"La boutique CPMN\",\"description\":\"La boutique des m\u00e9diateurs professionnels\",\"publisher\":{\"@id\":\"https:\\\/\\\/www.cpmn.info\\\/boutique\\\/#organization\"},\"potentialAction\":[{\"@type\":\"SearchAction\",\"target\":{\"@type\":\"EntryPoint\",\"urlTemplate\":\"https:\\\/\\\/www.cpmn.info\\\/boutique\\\/?s={search_term_string}\"},\"query-input\":{\"@type\":\"PropertyValueSpecification\",\"valueRequired\":true,\"valueName\":\"search_term_string\"}}],\"inLanguage\":\"fr-FR\"},{\"@type\":\"Organization\",\"@id\":\"https:\\\/\\\/www.cpmn.info\\\/boutique\\\/#organization\",\"name\":\"La boutique CPMN\",\"url\":\"https:\\\/\\\/www.cpmn.info\\\/boutique\\\/\",\"logo\":{\"@type\":\"ImageObject\",\"inLanguage\":\"fr-FR\",\"@id\":\"https:\\\/\\\/www.cpmn.info\\\/boutique\\\/#\\\/schema\\\/logo\\\/image\\\/\",\"url\":\"https:\\\/\\\/www.cpmn.info\\\/boutique\\\/wp-content\\\/uploads\\\/2023\\\/11\\\/cropped-cropped-Logo-site-CPMN-boutique.png\",\"contentUrl\":\"https:\\\/\\\/www.cpmn.info\\\/boutique\\\/wp-content\\\/uploads\\\/2023\\\/11\\\/cropped-cropped-Logo-site-CPMN-boutique.png\",\"width\":354,\"height\":219,\"caption\":\"La boutique CPMN\"},\"image\":{\"@id\":\"https:\\\/\\\/www.cpmn.info\\\/boutique\\\/#\\\/schema\\\/logo\\\/image\\\/\"}}]}<\/script>\n<!-- \/ Yoast SEO plugin. -->","yoast_head_json":{"title":"Adh\u00e9sion 2026 \u00e0 la CPMN - La boutique CPMN","description":"Adh\u00e9rez \u00e0 la Chambre Professionnelle de la M\u00e9diation et de la N\u00e9gociation et soyez r\u00e9f\u00e9renc\u00e9 M\u00e9diateur Professionnel. L\u2019adh\u00e9sion est valable pour l\u2019ann\u00e9e civile d\u2019adh\u00e9sion.","robots":{"index":"index","follow":"follow","max-snippet":"max-snippet:-1","max-image-preview":"max-image-preview:large","max-video-preview":"max-video-preview:-1"},"canonical":"https:\/\/www.cpmn.info\/boutique\/produit\/adhesion-2026\/","og_locale":"fr_FR","og_type":"article","og_title":"Adh\u00e9sion 2026 \u00e0 la CPMN - La boutique CPMN","og_description":"Adh\u00e9rez \u00e0 la Chambre Professionnelle de la M\u00e9diation et de la N\u00e9gociation et soyez r\u00e9f\u00e9renc\u00e9 M\u00e9diateur Professionnel. L\u2019adh\u00e9sion est valable pour l\u2019ann\u00e9e civile d\u2019adh\u00e9sion.","og_url":"https:\/\/www.cpmn.info\/boutique\/produit\/adhesion-2026\/","og_site_name":"La boutique CPMN","article_modified_time":"2026-02-13T06:50:34+00:00","og_image":[{"width":1041,"height":1038,"url":"https:\/\/www.cpmn.info\/boutique\/wp-content\/uploads\/2023\/11\/Page-web-CPMN-2.png","type":"image\/png"}],"twitter_misc":{"Dur\u00e9e de lecture estim\u00e9e":"4 minutes"},"schema":{"@context":"https:\/\/schema.org","@graph":[{"@type":"WebPage","@id":"https:\/\/www.cpmn.info\/boutique\/produit\/adhesion-2026\/","url":"https:\/\/www.cpmn.info\/boutique\/produit\/adhesion-2026\/","name":"Adh\u00e9sion 2026 \u00e0 la CPMN - La boutique CPMN","isPartOf":{"@id":"https:\/\/www.cpmn.info\/boutique\/#website"},"primaryImageOfPage":{"@id":"https:\/\/www.cpmn.info\/boutique\/produit\/adhesion-2026\/#primaryimage"},"image":{"@id":"https:\/\/www.cpmn.info\/boutique\/produit\/adhesion-2026\/#primaryimage"},"thumbnailUrl":"https:\/\/www.cpmn.info\/boutique\/wp-content\/uploads\/2023\/11\/Page-web-CPMN-2.png","datePublished":"2025-11-21T15:25:58+00:00","dateModified":"2026-02-13T06:50:34+00:00","description":"Adh\u00e9rez \u00e0 la Chambre Professionnelle de la M\u00e9diation et de la N\u00e9gociation et soyez r\u00e9f\u00e9renc\u00e9 M\u00e9diateur Professionnel. L\u2019adh\u00e9sion est valable pour l\u2019ann\u00e9e civile d\u2019adh\u00e9sion.","breadcrumb":{"@id":"https:\/\/www.cpmn.info\/boutique\/produit\/adhesion-2026\/#breadcrumb"},"inLanguage":"fr-FR","potentialAction":[{"@type":"ReadAction","target":["https:\/\/www.cpmn.info\/boutique\/produit\/adhesion-2026\/"]}]},{"@type":"ImageObject","inLanguage":"fr-FR","@id":"https:\/\/www.cpmn.info\/boutique\/produit\/adhesion-2026\/#primaryimage","url":"https:\/\/www.cpmn.info\/boutique\/wp-content\/uploads\/2023\/11\/Page-web-CPMN-2.png","contentUrl":"https:\/\/www.cpmn.info\/boutique\/wp-content\/uploads\/2023\/11\/Page-web-CPMN-2.png","width":1041,"height":1038},{"@type":"BreadcrumbList","@id":"https:\/\/www.cpmn.info\/boutique\/produit\/adhesion-2026\/#breadcrumb","itemListElement":[{"@type":"ListItem","position":1,"name":"Accueil","item":"https:\/\/www.cpmn.info\/boutique\/"},{"@type":"ListItem","position":2,"name":"Boutique","item":"https:\/\/www.cpmn.info\/boutique\/boutique\/"},{"@type":"ListItem","position":3,"name":"Adh\u00e9sion 2026 \u00e0 la CPMN"}]},{"@type":"WebSite","@id":"https:\/\/www.cpmn.info\/boutique\/#website","url":"https:\/\/www.cpmn.info\/boutique\/","name":"La boutique CPMN","description":"La boutique des m\u00e9diateurs professionnels","publisher":{"@id":"https:\/\/www.cpmn.info\/boutique\/#organization"},"potentialAction":[{"@type":"SearchAction","target":{"@type":"EntryPoint","urlTemplate":"https:\/\/www.cpmn.info\/boutique\/?s={search_term_string}"},"query-input":{"@type":"PropertyValueSpecification","valueRequired":true,"valueName":"search_term_string"}}],"inLanguage":"fr-FR"},{"@type":"Organization","@id":"https:\/\/www.cpmn.info\/boutique\/#organization","name":"La boutique CPMN","url":"https:\/\/www.cpmn.info\/boutique\/","logo":{"@type":"ImageObject","inLanguage":"fr-FR","@id":"https:\/\/www.cpmn.info\/boutique\/#\/schema\/logo\/image\/","url":"https:\/\/www.cpmn.info\/boutique\/wp-content\/uploads\/2023\/11\/cropped-cropped-Logo-site-CPMN-boutique.png","contentUrl":"https:\/\/www.cpmn.info\/boutique\/wp-content\/uploads\/2023\/11\/cropped-cropped-Logo-site-CPMN-boutique.png","width":354,"height":219,"caption":"La boutique CPMN"},"image":{"@id":"https:\/\/www.cpmn.info\/boutique\/#\/schema\/logo\/image\/"}}]}},"_links":{"self":[{"href":"https:\/\/www.cpmn.info\/boutique\/wp-json\/wp\/v2\/product\/6349","targetHints":{"allow":["GET"]}}],"collection":[{"href":"https:\/\/www.cpmn.info\/boutique\/wp-json\/wp\/v2\/product"}],"about":[{"href":"https:\/\/www.cpmn.info\/boutique\/wp-json\/wp\/v2\/types\/product"}],"replies":[{"embeddable":true,"href":"https:\/\/www.cpmn.info\/boutique\/wp-json\/wp\/v2\/comments?post=6349"}],"wp:featuredmedia":[{"embeddable":true,"href":"https:\/\/www.cpmn.info\/boutique\/wp-json\/wp\/v2\/media\/6371"}],"wp:attachment":[{"href":"https:\/\/www.cpmn.info\/boutique\/wp-json\/wp\/v2\/media?parent=6349"}],"wp:term":[{"taxonomy":"product_brand","embeddable":true,"href":"https:\/\/www.cpmn.info\/boutique\/wp-json\/wp\/v2\/product_brand?post=6349"},{"taxonomy":"product_cat","embeddable":true,"href":"https:\/\/www.cpmn.info\/boutique\/wp-json\/wp\/v2\/product_cat?post=6349"},{"taxonomy":"product_tag","embeddable":true,"href":"https:\/\/www.cpmn.info\/boutique\/wp-json\/wp\/v2\/product_tag?post=6349"}],"curies":[{"name":"wp","href":"https:\/\/api.w.org\/{rel}","templated":true}]}}