{"id":6675,"date":"2026-03-22T09:10:27","date_gmt":"2026-03-22T08:10:27","guid":{"rendered":"https:\/\/www.cpmn.info\/boutique\/?post_type=product&#038;p=6675"},"modified":"2026-04-06T09:19:06","modified_gmt":"2026-04-06T08:19:06","slug":"ateliers-regionaux-en-martinique-visio","status":"publish","type":"product","link":"https:\/\/www.cpmn.info\/boutique\/produit\/ateliers-regionaux-en-martinique-visio\/","title":{"rendered":"Atelier R\u00e9gional en Martinique &#038; visio"},"content":{"rendered":"<h2><strong><span style=\"color: #0000ff;\">Participation de 5 \u20ac \u00e0 l\u2019inscription afin de garantir votre place <\/span><\/strong><\/h2>\n<h4><span style=\"color: #0000ff;\"><strong>Ouvert aux adh\u00e9rents CPMN, anciens membres et \u00e9l\u00e8ves\/anciens \u00e9l\u00e8ves EPMN.<\/strong><\/span><\/h4>\n<p>&nbsp;<\/p>\n<h4><span style=\"color: #0000ff;\"><strong><a href=\"https:\/\/www.cpmn.info\/boutique\/wp-content\/uploads\/2026\/03\/nouvelle-image-ateliers-du-11-04-2026-1.png\"><img loading=\"lazy\" decoding=\"async\" class=\"aligncenter wp-image-7046 size-large\" src=\"https:\/\/www.cpmn.info\/boutique\/wp-content\/uploads\/2026\/03\/nouvelle-image-ateliers-du-11-04-2026-1-1024x683.png\" alt=\"\" width=\"980\" height=\"654\" srcset=\"https:\/\/www.cpmn.info\/boutique\/wp-content\/uploads\/2026\/03\/nouvelle-image-ateliers-du-11-04-2026-1-1024x683.png 1024w, https:\/\/www.cpmn.info\/boutique\/wp-content\/uploads\/2026\/03\/nouvelle-image-ateliers-du-11-04-2026-1-300x200.png 300w, https:\/\/www.cpmn.info\/boutique\/wp-content\/uploads\/2026\/03\/nouvelle-image-ateliers-du-11-04-2026-1-768x512.png 768w, https:\/\/www.cpmn.info\/boutique\/wp-content\/uploads\/2026\/03\/nouvelle-image-ateliers-du-11-04-2026-1-324x216.png 324w, https:\/\/www.cpmn.info\/boutique\/wp-content\/uploads\/2026\/03\/nouvelle-image-ateliers-du-11-04-2026-1-416x277.png 416w, https:\/\/www.cpmn.info\/boutique\/wp-content\/uploads\/2026\/03\/nouvelle-image-ateliers-du-11-04-2026-1.png 1536w\" sizes=\"auto, (max-width: 980px) 100vw, 980px\" \/><\/a><a style=\"color: #0000ff;\" href=\"https:\/\/www.cpmn.info\/boutique\/produit\/adhesion-2026\/\">Clique ici pour adh\u00e9rer \u00e0 la CPMN <\/a><\/strong><\/span><\/h4>\n","protected":false},"excerpt":{"rendered":"<h4><\/h4>\n<table style=\"height: 213px;\" border=\"1\" width=\"1174\">\n<tbody>\n<tr>\n<td style=\"width: 15%;\" bgcolor=\"#b38638\">\n<h2 style=\"text-align: center;\"><strong>Tarif<\/strong><\/h2>\n<\/td>\n<td style=\"width: 88.19%;\" bgcolor=\"#b38638\">\n<h2 style=\"text-align: center;\"><strong>Situation<\/strong><\/h2>\n<\/td>\n<\/tr>\n<tr>\n<td style=\"width: 15%; text-align: center;\">\n<h3><strong><span style=\"color: #0000ff;\">5 \u20ac<\/span><\/strong><\/h3>\n<\/td>\n<td style=\"width: 88.19%;\">\n<h3 style=\"text-align: center;\"><strong><span style=\"color: #0000ff;\">Ouvert aux adh\u00e9rents CPMN, anciens membres et \u00e9l\u00e8ves\/anciens \u00e9l\u00e8ves EPMN.<\/span><\/strong><\/h3>\n<h4><strong><span style=\"color: #0000ff;\">le 11 avril 2026,<\/span><\/strong><\/h4>\n<h4><strong><span style=\"color: #0000ff;\">h<\/span><\/strong><span style=\"color: #0000ff;\"><strong>oraires : <\/strong><\/span><\/h4>\n<h4 style=\"text-align: left; padding-left: 80px;\"><span style=\"color: #0000ff;\"><strong>&#8211; 8h30\/11h30 Martinique<\/strong><\/span><\/h4>\n<h4 style=\"text-align: left; padding-left: 80px;\"><span style=\"color: #0000ff;\"><strong>&#8211; 14h30\/17h30 hexagone <\/strong><\/span><\/h4>\n<h4 style=\"text-align: left; padding-left: 80px;\"><span style=\"color: #0000ff;\"><strong>&#8211; 12h30\/15h30 C\u00f4te d&rsquo;Ivoire<\/strong><\/span><\/h4>\n<\/td>\n<\/tr>\n<tr>\n<td style=\"width: 15%; text-align: center;\"><\/td>\n<td style=\"width: 88.19%; text-align: center;\"><\/td>\n<\/tr>\n<\/tbody>\n<\/table>\n<p><strong><span style=\"color: #008000;\">Adh\u00e9rez \u00e0 la Chambre Professionnelle de la M\u00e9diation et de la N\u00e9gociation et soyez r\u00e9f\u00e9renc\u00e9 <em>M\u00e9diateur Professionnel<\/em>.\u00a0L&rsquo;adh\u00e9sion est valable pour l&rsquo;ann\u00e9e civile d&rsquo;adh\u00e9sion.<\/span><\/strong><\/p>\n<p><strong><span style=\"color: #008000;\">Condition d&rsquo;adh\u00e9sion : Etre titulaire du CAP&rsquo;M\u00ae.<\/span><\/strong><\/p>\n<p>&nbsp;<\/p>\n","protected":false},"featured_media":7023,"comment_status":"closed","ping_status":"closed","template":"","meta":{"pmpro_default_level":""},"product_brand":[],"product_cat":[62],"product_tag":[64],"class_list":{"0":"post-6675","1":"product","2":"type-product","3":"status-publish","4":"has-post-thumbnail","6":"product_cat-atelier-regionaux","7":"product_tag-atelier-regional","8":"pmpro-has-access","10":"first","11":"instock","12":"virtual","13":"purchasable","14":"product-type-simple"},"yoast_head":"<!-- This site is optimized with the Yoast SEO plugin v27.5 - https:\/\/yoast.com\/product\/yoast-seo-wordpress\/ -->\n<title>Atelier R\u00e9gional en Martinique &amp; visio - La boutique CPMN<\/title>\n<meta name=\"robots\" content=\"index, follow, max-snippet:-1, max-image-preview:large, max-video-preview:-1\" \/>\n<link rel=\"canonical\" href=\"https:\/\/www.cpmn.info\/boutique\/produit\/ateliers-regionaux-en-martinique-visio\/\" \/>\n<meta property=\"og:locale\" content=\"fr_FR\" \/>\n<meta property=\"og:type\" content=\"article\" \/>\n<meta property=\"og:title\" content=\"Atelier R\u00e9gional en Martinique &amp; visio - La boutique CPMN\" \/>\n<meta property=\"og:description\" content=\"Tarif   Situation     5 \u20ac   Ouvert aux adh\u00e9rents CPMN, anciens membres et \u00e9l\u00e8ves\/anciens \u00e9l\u00e8ves EPMN. le 11 avril 2026, horaires :  - 8h30\/11h30 Martinique - 14h30\/17h30 hexagone  - 12h30\/15h30 C\u00f4te d&#039;Ivoire         Adh\u00e9rez \u00e0 la Chambre Professionnelle de la M\u00e9diation et de la N\u00e9gociation et soyez r\u00e9f\u00e9renc\u00e9 M\u00e9diateur Professionnel.\u00a0L&#039;adh\u00e9sion est valable pour l&#039;ann\u00e9e civile d&#039;adh\u00e9sion.  Condition d&#039;adh\u00e9sion : Etre titulaire du CAP&#039;M\u00ae.  &nbsp;\" \/>\n<meta property=\"og:url\" content=\"https:\/\/www.cpmn.info\/boutique\/produit\/ateliers-regionaux-en-martinique-visio\/\" \/>\n<meta property=\"og:site_name\" content=\"La boutique CPMN\" \/>\n<meta property=\"article:modified_time\" content=\"2026-04-06T08:19:06+00:00\" \/>\n<meta property=\"og:image\" content=\"https:\/\/www.cpmn.info\/boutique\/wp-content\/uploads\/2024\/11\/PHOTO-ATELIERS-REGIONAUX.png\" \/>\n\t<meta property=\"og:image:width\" content=\"462\" \/>\n\t<meta property=\"og:image:height\" content=\"461\" \/>\n\t<meta property=\"og:image:type\" content=\"image\/png\" \/>\n<meta name=\"twitter:label1\" content=\"Dur\u00e9e de lecture estim\u00e9e\" \/>\n\t<meta name=\"twitter:data1\" content=\"1 minute\" \/>\n<script type=\"application\/ld+json\" class=\"yoast-schema-graph\">{\"@context\":\"https:\\\/\\\/schema.org\",\"@graph\":[{\"@type\":\"WebPage\",\"@id\":\"https:\\\/\\\/www.cpmn.info\\\/boutique\\\/produit\\\/ateliers-regionaux-en-martinique-visio\\\/\",\"url\":\"https:\\\/\\\/www.cpmn.info\\\/boutique\\\/produit\\\/ateliers-regionaux-en-martinique-visio\\\/\",\"name\":\"Atelier R\u00e9gional en Martinique & visio - La boutique CPMN\",\"isPartOf\":{\"@id\":\"https:\\\/\\\/www.cpmn.info\\\/boutique\\\/#website\"},\"primaryImageOfPage\":{\"@id\":\"https:\\\/\\\/www.cpmn.info\\\/boutique\\\/produit\\\/ateliers-regionaux-en-martinique-visio\\\/#primaryimage\"},\"image\":{\"@id\":\"https:\\\/\\\/www.cpmn.info\\\/boutique\\\/produit\\\/ateliers-regionaux-en-martinique-visio\\\/#primaryimage\"},\"thumbnailUrl\":\"https:\\\/\\\/www.cpmn.info\\\/boutique\\\/wp-content\\\/uploads\\\/2024\\\/11\\\/PHOTO-ATELIERS-REGIONAUX.png\",\"datePublished\":\"2026-03-22T08:10:27+00:00\",\"dateModified\":\"2026-04-06T08:19:06+00:00\",\"breadcrumb\":{\"@id\":\"https:\\\/\\\/www.cpmn.info\\\/boutique\\\/produit\\\/ateliers-regionaux-en-martinique-visio\\\/#breadcrumb\"},\"inLanguage\":\"fr-FR\",\"potentialAction\":[{\"@type\":\"ReadAction\",\"target\":[\"https:\\\/\\\/www.cpmn.info\\\/boutique\\\/produit\\\/ateliers-regionaux-en-martinique-visio\\\/\"]}]},{\"@type\":\"ImageObject\",\"inLanguage\":\"fr-FR\",\"@id\":\"https:\\\/\\\/www.cpmn.info\\\/boutique\\\/produit\\\/ateliers-regionaux-en-martinique-visio\\\/#primaryimage\",\"url\":\"https:\\\/\\\/www.cpmn.info\\\/boutique\\\/wp-content\\\/uploads\\\/2024\\\/11\\\/PHOTO-ATELIERS-REGIONAUX.png\",\"contentUrl\":\"https:\\\/\\\/www.cpmn.info\\\/boutique\\\/wp-content\\\/uploads\\\/2024\\\/11\\\/PHOTO-ATELIERS-REGIONAUX.png\",\"width\":462,\"height\":461},{\"@type\":\"BreadcrumbList\",\"@id\":\"https:\\\/\\\/www.cpmn.info\\\/boutique\\\/produit\\\/ateliers-regionaux-en-martinique-visio\\\/#breadcrumb\",\"itemListElement\":[{\"@type\":\"ListItem\",\"position\":1,\"name\":\"Accueil\",\"item\":\"https:\\\/\\\/www.cpmn.info\\\/boutique\\\/\"},{\"@type\":\"ListItem\",\"position\":2,\"name\":\"Boutique\",\"item\":\"https:\\\/\\\/www.cpmn.info\\\/boutique\\\/boutique\\\/\"},{\"@type\":\"ListItem\",\"position\":3,\"name\":\"Atelier R\u00e9gional en Martinique &#038; visio\"}]},{\"@type\":\"WebSite\",\"@id\":\"https:\\\/\\\/www.cpmn.info\\\/boutique\\\/#website\",\"url\":\"https:\\\/\\\/www.cpmn.info\\\/boutique\\\/\",\"name\":\"La boutique CPMN\",\"description\":\"La boutique des m\u00e9diateurs professionnels\",\"publisher\":{\"@id\":\"https:\\\/\\\/www.cpmn.info\\\/boutique\\\/#organization\"},\"potentialAction\":[{\"@type\":\"SearchAction\",\"target\":{\"@type\":\"EntryPoint\",\"urlTemplate\":\"https:\\\/\\\/www.cpmn.info\\\/boutique\\\/?s={search_term_string}\"},\"query-input\":{\"@type\":\"PropertyValueSpecification\",\"valueRequired\":true,\"valueName\":\"search_term_string\"}}],\"inLanguage\":\"fr-FR\"},{\"@type\":\"Organization\",\"@id\":\"https:\\\/\\\/www.cpmn.info\\\/boutique\\\/#organization\",\"name\":\"La boutique CPMN\",\"url\":\"https:\\\/\\\/www.cpmn.info\\\/boutique\\\/\",\"logo\":{\"@type\":\"ImageObject\",\"inLanguage\":\"fr-FR\",\"@id\":\"https:\\\/\\\/www.cpmn.info\\\/boutique\\\/#\\\/schema\\\/logo\\\/image\\\/\",\"url\":\"https:\\\/\\\/www.cpmn.info\\\/boutique\\\/wp-content\\\/uploads\\\/2023\\\/11\\\/cropped-cropped-Logo-site-CPMN-boutique.png\",\"contentUrl\":\"https:\\\/\\\/www.cpmn.info\\\/boutique\\\/wp-content\\\/uploads\\\/2023\\\/11\\\/cropped-cropped-Logo-site-CPMN-boutique.png\",\"width\":354,\"height\":219,\"caption\":\"La boutique CPMN\"},\"image\":{\"@id\":\"https:\\\/\\\/www.cpmn.info\\\/boutique\\\/#\\\/schema\\\/logo\\\/image\\\/\"}}]}<\/script>\n<!-- \/ Yoast SEO plugin. -->","yoast_head_json":{"title":"Atelier R\u00e9gional en Martinique & visio - La boutique CPMN","robots":{"index":"index","follow":"follow","max-snippet":"max-snippet:-1","max-image-preview":"max-image-preview:large","max-video-preview":"max-video-preview:-1"},"canonical":"https:\/\/www.cpmn.info\/boutique\/produit\/ateliers-regionaux-en-martinique-visio\/","og_locale":"fr_FR","og_type":"article","og_title":"Atelier R\u00e9gional en Martinique & visio - La boutique CPMN","og_description":"Tarif   Situation     5 \u20ac   Ouvert aux adh\u00e9rents CPMN, anciens membres et \u00e9l\u00e8ves\/anciens \u00e9l\u00e8ves EPMN. le 11 avril 2026, horaires :  - 8h30\/11h30 Martinique - 14h30\/17h30 hexagone  - 12h30\/15h30 C\u00f4te d'Ivoire         Adh\u00e9rez \u00e0 la Chambre Professionnelle de la M\u00e9diation et de la N\u00e9gociation et soyez r\u00e9f\u00e9renc\u00e9 M\u00e9diateur Professionnel.\u00a0L'adh\u00e9sion est valable pour l'ann\u00e9e civile d'adh\u00e9sion.  Condition d'adh\u00e9sion : Etre titulaire du CAP'M\u00ae.  &nbsp;","og_url":"https:\/\/www.cpmn.info\/boutique\/produit\/ateliers-regionaux-en-martinique-visio\/","og_site_name":"La boutique CPMN","article_modified_time":"2026-04-06T08:19:06+00:00","og_image":[{"width":462,"height":461,"url":"https:\/\/www.cpmn.info\/boutique\/wp-content\/uploads\/2024\/11\/PHOTO-ATELIERS-REGIONAUX.png","type":"image\/png"}],"twitter_misc":{"Dur\u00e9e de lecture estim\u00e9e":"1 minute"},"schema":{"@context":"https:\/\/schema.org","@graph":[{"@type":"WebPage","@id":"https:\/\/www.cpmn.info\/boutique\/produit\/ateliers-regionaux-en-martinique-visio\/","url":"https:\/\/www.cpmn.info\/boutique\/produit\/ateliers-regionaux-en-martinique-visio\/","name":"Atelier R\u00e9gional en Martinique & visio - La boutique CPMN","isPartOf":{"@id":"https:\/\/www.cpmn.info\/boutique\/#website"},"primaryImageOfPage":{"@id":"https:\/\/www.cpmn.info\/boutique\/produit\/ateliers-regionaux-en-martinique-visio\/#primaryimage"},"image":{"@id":"https:\/\/www.cpmn.info\/boutique\/produit\/ateliers-regionaux-en-martinique-visio\/#primaryimage"},"thumbnailUrl":"https:\/\/www.cpmn.info\/boutique\/wp-content\/uploads\/2024\/11\/PHOTO-ATELIERS-REGIONAUX.png","datePublished":"2026-03-22T08:10:27+00:00","dateModified":"2026-04-06T08:19:06+00:00","breadcrumb":{"@id":"https:\/\/www.cpmn.info\/boutique\/produit\/ateliers-regionaux-en-martinique-visio\/#breadcrumb"},"inLanguage":"fr-FR","potentialAction":[{"@type":"ReadAction","target":["https:\/\/www.cpmn.info\/boutique\/produit\/ateliers-regionaux-en-martinique-visio\/"]}]},{"@type":"ImageObject","inLanguage":"fr-FR","@id":"https:\/\/www.cpmn.info\/boutique\/produit\/ateliers-regionaux-en-martinique-visio\/#primaryimage","url":"https:\/\/www.cpmn.info\/boutique\/wp-content\/uploads\/2024\/11\/PHOTO-ATELIERS-REGIONAUX.png","contentUrl":"https:\/\/www.cpmn.info\/boutique\/wp-content\/uploads\/2024\/11\/PHOTO-ATELIERS-REGIONAUX.png","width":462,"height":461},{"@type":"BreadcrumbList","@id":"https:\/\/www.cpmn.info\/boutique\/produit\/ateliers-regionaux-en-martinique-visio\/#breadcrumb","itemListElement":[{"@type":"ListItem","position":1,"name":"Accueil","item":"https:\/\/www.cpmn.info\/boutique\/"},{"@type":"ListItem","position":2,"name":"Boutique","item":"https:\/\/www.cpmn.info\/boutique\/boutique\/"},{"@type":"ListItem","position":3,"name":"Atelier R\u00e9gional en Martinique &#038; visio"}]},{"@type":"WebSite","@id":"https:\/\/www.cpmn.info\/boutique\/#website","url":"https:\/\/www.cpmn.info\/boutique\/","name":"La boutique CPMN","description":"La boutique des m\u00e9diateurs professionnels","publisher":{"@id":"https:\/\/www.cpmn.info\/boutique\/#organization"},"potentialAction":[{"@type":"SearchAction","target":{"@type":"EntryPoint","urlTemplate":"https:\/\/www.cpmn.info\/boutique\/?s={search_term_string}"},"query-input":{"@type":"PropertyValueSpecification","valueRequired":true,"valueName":"search_term_string"}}],"inLanguage":"fr-FR"},{"@type":"Organization","@id":"https:\/\/www.cpmn.info\/boutique\/#organization","name":"La boutique CPMN","url":"https:\/\/www.cpmn.info\/boutique\/","logo":{"@type":"ImageObject","inLanguage":"fr-FR","@id":"https:\/\/www.cpmn.info\/boutique\/#\/schema\/logo\/image\/","url":"https:\/\/www.cpmn.info\/boutique\/wp-content\/uploads\/2023\/11\/cropped-cropped-Logo-site-CPMN-boutique.png","contentUrl":"https:\/\/www.cpmn.info\/boutique\/wp-content\/uploads\/2023\/11\/cropped-cropped-Logo-site-CPMN-boutique.png","width":354,"height":219,"caption":"La boutique CPMN"},"image":{"@id":"https:\/\/www.cpmn.info\/boutique\/#\/schema\/logo\/image\/"}}]}},"_links":{"self":[{"href":"https:\/\/www.cpmn.info\/boutique\/wp-json\/wp\/v2\/product\/6675","targetHints":{"allow":["GET"]}}],"collection":[{"href":"https:\/\/www.cpmn.info\/boutique\/wp-json\/wp\/v2\/product"}],"about":[{"href":"https:\/\/www.cpmn.info\/boutique\/wp-json\/wp\/v2\/types\/product"}],"replies":[{"embeddable":true,"href":"https:\/\/www.cpmn.info\/boutique\/wp-json\/wp\/v2\/comments?post=6675"}],"wp:featuredmedia":[{"embeddable":true,"href":"https:\/\/www.cpmn.info\/boutique\/wp-json\/wp\/v2\/media\/7023"}],"wp:attachment":[{"href":"https:\/\/www.cpmn.info\/boutique\/wp-json\/wp\/v2\/media?parent=6675"}],"wp:term":[{"taxonomy":"product_brand","embeddable":true,"href":"https:\/\/www.cpmn.info\/boutique\/wp-json\/wp\/v2\/product_brand?post=6675"},{"taxonomy":"product_cat","embeddable":true,"href":"https:\/\/www.cpmn.info\/boutique\/wp-json\/wp\/v2\/product_cat?post=6675"},{"taxonomy":"product_tag","embeddable":true,"href":"https:\/\/www.cpmn.info\/boutique\/wp-json\/wp\/v2\/product_tag?post=6675"}],"curies":[{"name":"wp","href":"https:\/\/api.w.org\/{rel}","templated":true}]}}